{"id":491287,"date":"2025-10-29T15:01:04","date_gmt":"2025-10-29T14:01:04","guid":{"rendered":"https:\/\/www.tui.at\/blog\/?page_id=491287"},"modified":"2025-10-29T15:02:40","modified_gmt":"2025-10-29T14:02:40","slug":"andere-reisearten","status":"publish","type":"page","link":"https:\/\/www.tui.at\/blog\/andere-reisearten\/","title":{"rendered":"Andere Reisearten"},"content":{"rendered":"<div class=\"gb-container gb-container-af47a24d\"><div class=\"gb-inside-container\">\n<div class=\"gb-container gb-container-5c7c3cd9\"><div class=\"gb-inside-container\">\n<div class=\"gb-grid-wrapper gb-grid-wrapper-4674d008\">\n<div class=\"gb-grid-column gb-grid-column-e5cdbe06\"><div class=\"gb-container gb-container-e5cdbe06\">\n\n<p class=\"gb-headline gb-headline-3528e644 gb-headline-text\"><strong>Weitere beliebte Reisearten f\u00fcr deinen n\u00e4chsten Urlaub<\/strong><\/p>\n\n\n\n<p class=\"has-text-align-center\">Du suchst nach neuen Ideen f\u00fcr deinen n\u00e4chsten Urlaub? Hier findest du Inspiration f\u00fcr Reisearten, die zu deinem Lebensstil passen. In unserer Kategorie \u201eAndere Reisearten\u201c erwarten dich vielf\u00e4ltige Tipps, spannende Reiseformen und jede Menge M\u00f6glichkeiten, deinen Urlaub ganz individuell zu gestalten.\u00a0<\/p>\n\n<\/div><\/div>\n\n<div class=\"gb-grid-column gb-grid-column-d380042d\"><div class=\"gb-container gb-container-d380042d\">\n<div class=\"wp-block-image\">\n<figure class=\"aligncenter size-full is-resized\"><img loading=\"lazy\" decoding=\"async\" width=\"1779\" height=\"1778\" src=\"https:\/\/www.tui.at\/blog\/wp-content\/uploads\/2025\/10\/icon-passport.png\" alt=\"\" class=\"wp-image-491291\" style=\"width:115px\" srcset=\"https:\/\/www.tui.at\/blog\/wp-content\/uploads\/2025\/10\/icon-passport.png 1779w, https:\/\/www.tui.at\/blog\/wp-content\/uploads\/2025\/10\/icon-passport-444x444.png 444w, https:\/\/www.tui.at\/blog\/wp-content\/uploads\/2025\/10\/icon-passport-563x563.png 563w, https:\/\/www.tui.at\/blog\/wp-content\/uploads\/2025\/10\/icon-passport-768x768.png 768w, https:\/\/www.tui.at\/blog\/wp-content\/uploads\/2025\/10\/icon-passport-1536x1536.png 1536w, https:\/\/www.tui.at\/blog\/wp-content\/uploads\/2025\/10\/icon-passport-220x220.png 220w, https:\/\/www.tui.at\/blog\/wp-content\/uploads\/2025\/10\/icon-passport-24x24.png 24w, https:\/\/www.tui.at\/blog\/wp-content\/uploads\/2025\/10\/icon-passport-48x48.png 48w, https:\/\/www.tui.at\/blog\/wp-content\/uploads\/2025\/10\/icon-passport-96x96.png 96w, https:\/\/www.tui.at\/blog\/wp-content\/uploads\/2025\/10\/icon-passport-150x150.png 150w, https:\/\/www.tui.at\/blog\/wp-content\/uploads\/2025\/10\/icon-passport-300x300.png 300w\" sizes=\"auto, (max-width: 1779px) 100vw, 1779px\" \/><\/figure>\n<\/div>\n<\/div><\/div>\n<\/div>\n<\/div><\/div>\n<\/div><\/div>\n\n<div class=\"gb-container gb-container-86c519b2\">\n\n<h2 class=\"gb-headline gb-headline-dc039d34 gb-headline-text\">Unsere Top Artikel<\/h2>\n\n\n    <div class=\"toparticle-item toparticle-block\">\r\n        <div class=\"row\">\r\n                            <article class=\"toparticle\" style=\"background-image: url('https:\/\/www.tui.at\/blog\/wp-content\/uploads\/2022\/02\/Aegypten-Taucherin.jpg')\" role=\"img\" aria-label=\"Tauchurlaub \">\r\n                    <a href=\"https:\/\/www.tui.at\/blog\/tui-reiseexpertinnen-tauchurlaub\/\" target=\"https:\/\/www.tui.at\/blog\/tui-reiseexpertinnen-tauchurlaub\/\" class=\"toparticle-gradient\" aria-label=\"Top Article Link\"><\/a>\r\n                                            <div class=\"toparticle-panel \">\r\n                            <p class=\"toparticle-title\">Tauchurlaub <\/p>\r\n                                                    <\/div>\r\n                                    <\/article>\r\n                            <article class=\"toparticle\" style=\"background-image: url('https:\/\/www.tui.at\/blog\/wp-content\/uploads\/2022\/02\/TUI_Cruises_MeinSchiff_Bugansicht_090303-1.jpg')\" role=\"img\" aria-label=\"Kreuzfahrten\u00a0\">\r\n                    <a href=\"https:\/\/www.tui.at\/blog\/tui-reiseexpertinnen-kreuzfahrten\/\" target=\"https:\/\/www.tui.at\/blog\/tui-reiseexpertinnen-kreuzfahrten\/\" class=\"toparticle-gradient\" aria-label=\"Top Article Link\"><\/a>\r\n                                            <div class=\"toparticle-panel \">\r\n                            <p class=\"toparticle-title\">Kreuzfahrten\u00a0<\/p>\r\n                                                    <\/div>\r\n                                    <\/article>\r\n                    <\/div>\r\n    <\/div>\r\n\n<\/div>\n\n<div class=\"gb-container gb-container-0471e53d\"><div class=\"gb-inside-container\">\n<section class=\"article-block container\">\r\n\r\n    <h2>Unsere neusten Andere Reisearten-Artikel<\/h2>\r\n            <div class=\"highlighted-article\" id=\"\">\r\n            \r\n                                            \r\n\r\n                    <article class=\"highlighted-article--container\">\r\n                        <div class=\"highlighted-article__grid\">\r\n                            <a href=\"https:\/\/www.tui.at\/blog\/tui-reiseexpertinnen-golfreisen\/\" class=\"teaser\" style=\"background-image:url('https:\/\/www.tui.at\/blog\/wp-content\/uploads\/2022\/03\/4af6c2e6-0917-40f3-839c-259192b74877.jpg');\" aria-label=\"TUI Reiseexpert:innen &#8211; Golfreisen\"><\/a>\r\n                            <div class=\"highlighted-article__content\">\r\n                                                                                                    <span class=\"highlighted-article__category\">Andere Reisearten<\/span>\r\n                                                                <h3 class=\"title\"><a href=\"https:\/\/www.tui.at\/blog\/tui-reiseexpertinnen-golfreisen\/\">TUI Reiseexpert:innen &#8211; Golfreisen<\/a><\/h3>\r\n                                <time datetime=\"Do..M\u00e4rz.2022\" itemprop=\"datePublished\">03.03.2022<\/time>\r\n                                <p class=\"excerpt\">TUI Reiseprofi Sandra Pirker ist leidenschaftliche Golferin. In diesem Beitrag gibt sie Empfehlungen f\u00fcr Destinationen und verr\u00e4t ihre liebsten Golf-Hotels. <span class=\"read-more\"><a href=\"https:\/\/www.tui.at\/blog\/tui-reiseexpertinnen-golfreisen\/\">Weiterlesen<\/a><\/span><\/p>\r\n                            <\/div>\r\n                        <\/div>\r\n\r\n                    <\/article>\r\n\r\n                \r\n                                                                <div class=\"articles\">\r\n                                                <a href=\"https:\/\/www.tui.at\/blog\/tui-reiseexpertinnen-kreuzfahrten\/\" aria-label=\"TUI Reiseexpert:innen &#8211; Kreuzfahrten\">\r\n                            <img decoding=\"async\" src=\"https:\/\/www.tui.at\/blog\/wp-content\/uploads\/2022\/02\/TUI_Cruises_MeinSchiff_Bugansicht_090303-1-311x220.jpg\" loading=\"lazy\" width=\"100%\" height=\"auto\" alt=\"\">\r\n                        <\/a>\r\n                        <div class=\"\">\r\n                                                        <div class=\"info-grid\">\r\n                                <div><span class=\"highlighted-article__category\">Andere Reisearten<\/span><\/div>\r\n                                <div class=\"time\"><time datetime=\"Mo..Feb..2022\" itemprop=\"datePublished\">14.02.2022<\/time><\/div>\r\n                            <\/div>\r\n                            <h3 class=\"title\"><a href=\"https:\/\/www.tui.at\/blog\/tui-reiseexpertinnen-kreuzfahrten\/\">TUI Reiseexpert:innen &#8211; Kreuzfahrten<\/a><\/h3>\r\n                        <\/div>\r\n                    <\/div>\r\n\r\n                \r\n                                                                <div class=\"articles\">\r\n                                                <a href=\"https:\/\/www.tui.at\/blog\/tui-reiseexpertinnen-tauchurlaub\/\" aria-label=\"TUI Reiseexpert:innen &#8211; Tauchurlaub\">\r\n                            <img decoding=\"async\" src=\"https:\/\/www.tui.at\/blog\/wp-content\/uploads\/2022\/02\/Aegypten-Taucherin-330x220.jpg\" loading=\"lazy\" width=\"100%\" height=\"auto\" alt=\"\">\r\n                        <\/a>\r\n                        <div class=\"\">\r\n                                                        <div class=\"info-grid\">\r\n                                <div><span class=\"highlighted-article__category\">Andere Reisearten<\/span><\/div>\r\n                                <div class=\"time\"><time datetime=\"So..Feb..2022\" itemprop=\"datePublished\">06.02.2022<\/time><\/div>\r\n                            <\/div>\r\n                            <h3 class=\"title\"><a href=\"https:\/\/www.tui.at\/blog\/tui-reiseexpertinnen-tauchurlaub\/\">TUI Reiseexpert:innen &#8211; Tauchurlaub<\/a><\/h3>\r\n                        <\/div>\r\n                    <\/div>\r\n\r\n                \r\n                                                                <div class=\"articles\">\r\n                                                <a href=\"https:\/\/www.tui.at\/blog\/tuireiseexperten-geben-insidertipps-suedafrika\/\" aria-label=\"#TUIReiseexperten geben Insidertipps \u2013 S\u00fcdafrika\">\r\n                            <img decoding=\"async\" src=\"https:\/\/www.tui.at\/blog\/wp-content\/uploads\/2018\/10\/shutterstock_95127451_suedafrika_fluss-331x220.jpg\" loading=\"lazy\" width=\"100%\" height=\"auto\" alt=\"S\u00fcdafrika_TUI\">\r\n                        <\/a>\r\n                        <div class=\"\">\r\n                                                        <div class=\"info-grid\">\r\n                                <div><span class=\"highlighted-article__category\">Andere Reisearten<\/span><\/div>\r\n                                <div class=\"time\"><time datetime=\"Mo..Okt..2018\" itemprop=\"datePublished\">08.10.2018<\/time><\/div>\r\n                            <\/div>\r\n                            <h3 class=\"title\"><a href=\"https:\/\/www.tui.at\/blog\/tuireiseexperten-geben-insidertipps-suedafrika\/\">#TUIReiseexperten geben Insidertipps \u2013 S\u00fcdafrika<\/a><\/h3>\r\n                        <\/div>\r\n                    <\/div>\r\n\r\n                \r\n                                                                <div class=\"articles\">\r\n                                                <a href=\"https:\/\/www.tui.at\/blog\/das-abenteuer-suedafrika\/\" aria-label=\"Das Abenteuer S\u00fcdafrika \u2013 die erste Begegnung im Nationalpark\">\r\n                            <img decoding=\"async\" src=\"https:\/\/www.tui.at\/blog\/wp-content\/uploads\/2015\/08\/IMG_9242-330x220.jpg\" loading=\"lazy\" width=\"100%\" height=\"auto\" alt=\"\">\r\n                        <\/a>\r\n                        <div class=\"\">\r\n                                                        <div class=\"info-grid\">\r\n                                <div><span class=\"highlighted-article__category\">Andere Reisearten<\/span><\/div>\r\n                                <div class=\"time\"><time datetime=\"Mo..Aug..2015\" itemprop=\"datePublished\">10.08.2015<\/time><\/div>\r\n                            <\/div>\r\n                            <h3 class=\"title\"><a href=\"https:\/\/www.tui.at\/blog\/das-abenteuer-suedafrika\/\">Das Abenteuer S\u00fcdafrika \u2013 die erste Begegnung im Nationalpark<\/a><\/h3>\r\n                        <\/div>\r\n                    <\/div>\r\n\r\n                \r\n                                                                <div class=\"articles\">\r\n                                                <a href=\"https:\/\/www.tui.at\/blog\/reisetipp-der-woche-golfurlaub-in-aegypten\/\" aria-label=\"Reisetipp der Woche: Golfurlaub in \u00c4gypten\">\r\n                            <img decoding=\"async\" src=\"https:\/\/www.tui.at\/blog\/wp-content\/uploads\/2011\/09\/Sheraton-Soma-Bay-335x220.jpg\" loading=\"lazy\" width=\"100%\" height=\"auto\" alt=\"SHERATON SOMA BAY 08\">\r\n                        <\/a>\r\n                        <div class=\"\">\r\n                                                        <div class=\"info-grid\">\r\n                                <div><span class=\"highlighted-article__category\">Andere Reisearten<\/span><\/div>\r\n                                <div class=\"time\"><time datetime=\"Fr..Sep..2011\" itemprop=\"datePublished\">23.09.2011<\/time><\/div>\r\n                            <\/div>\r\n                            <h3 class=\"title\"><a href=\"https:\/\/www.tui.at\/blog\/reisetipp-der-woche-golfurlaub-in-aegypten\/\">Reisetipp der Woche: Golfurlaub in \u00c4gypten<\/a><\/h3>\r\n                        <\/div>\r\n                    <\/div>\r\n\r\n                \r\n                                    \r\n        <\/div>\r\n    \r\n<\/section>\n<\/div><\/div>\n\n<div class=\"gb-container gb-container-e990a9b7\">\n<div class=\"gb-button-wrapper gb-button-wrapper-667eabda\">\n\n<a class=\"gb-button gb-button-47db0ba3 gb-button-text tui-btn\" href=\"\/blog\/archiv-andere-reisearten\/\">Alle ansehen<\/a>\n\n<\/div>\n<\/div>","protected":false},"excerpt":{"rendered":"<p>Unsere Top Artikel<\/p>\n","protected":false},"author":160,"featured_media":491289,"parent":0,"menu_order":0,"comment_status":"closed","ping_status":"closed","template":"","meta":{"_acf_changed":false,"footnotes":""},"class_list":["post-491287","page","type-page","status-publish","has-post-thumbnail"],"acf":[],"yoast_head":"<!-- This site is optimized with the Yoast SEO plugin v27.4 - https:\/\/yoast.com\/product\/yoast-seo-wordpress\/ -->\n<title>Andere Reisearten \u2013 Inspiration &amp; Ideen - TUI.at Reiseblog<\/title>\n<meta name=\"description\" content=\"Entdecke auf dem TUI Blog verschiedene Reisearten: Tipps &amp; Ideen f\u00fcr individuelle Urlaubsformen, die perfekt zu dir &amp; deinem Lebensstil passen!\" \/>\n<meta name=\"robots\" content=\"index, follow, max-snippet:-1, max-image-preview:large, max-video-preview:-1\" \/>\n<link rel=\"canonical\" href=\"https:\/\/www.tui.at\/blog\/andere-reisearten\/\" \/>\n<meta property=\"og:locale\" content=\"de_DE\" \/>\n<meta property=\"og:type\" content=\"article\" \/>\n<meta property=\"og:title\" content=\"Andere Reisearten \u2013 Inspiration &amp; Ideen - TUI.at Reiseblog\" \/>\n<meta property=\"og:description\" content=\"Entdecke auf dem TUI Blog verschiedene Reisearten: Tipps &amp; Ideen f\u00fcr individuelle Urlaubsformen, die perfekt zu dir &amp; deinem Lebensstil passen!\" \/>\n<meta property=\"og:url\" content=\"https:\/\/www.tui.at\/blog\/andere-reisearten\/\" \/>\n<meta property=\"og:site_name\" content=\"TUI.at Reiseblog\" \/>\n<meta property=\"article:modified_time\" content=\"2025-10-29T14:02:40+00:00\" \/>\n<meta property=\"og:image\" content=\"https:\/\/www.tui.at\/blog\/wp-content\/uploads\/2025\/10\/Andere-Reisearten.jpeg\" \/>\n\t<meta property=\"og:image:width\" content=\"1732\" \/>\n\t<meta property=\"og:image:height\" content=\"998\" \/>\n\t<meta property=\"og:image:type\" content=\"image\/jpeg\" \/>\n<meta name=\"twitter:card\" content=\"summary_large_image\" \/>\n<script type=\"application\/ld+json\" class=\"yoast-schema-graph\">{\"@context\":\"https:\\\/\\\/schema.org\",\"@graph\":[{\"@type\":\"WebPage\",\"@id\":\"https:\\\/\\\/www.tui.at\\\/blog\\\/andere-reisearten\\\/\",\"url\":\"https:\\\/\\\/www.tui.at\\\/blog\\\/andere-reisearten\\\/\",\"name\":\"Andere Reisearten \u2013 Inspiration & Ideen - TUI.at Reiseblog\",\"isPartOf\":{\"@id\":\"https:\\\/\\\/www.tui.at\\\/blog\\\/#website\"},\"primaryImageOfPage\":{\"@id\":\"https:\\\/\\\/www.tui.at\\\/blog\\\/andere-reisearten\\\/#primaryimage\"},\"image\":{\"@id\":\"https:\\\/\\\/www.tui.at\\\/blog\\\/andere-reisearten\\\/#primaryimage\"},\"thumbnailUrl\":\"https:\\\/\\\/www.tui.at\\\/blog\\\/wp-content\\\/uploads\\\/2025\\\/10\\\/Andere-Reisearten.jpeg\",\"datePublished\":\"2025-10-29T14:01:04+00:00\",\"dateModified\":\"2025-10-29T14:02:40+00:00\",\"description\":\"Entdecke auf dem TUI Blog verschiedene Reisearten: Tipps & Ideen f\u00fcr individuelle Urlaubsformen, die perfekt zu dir & deinem Lebensstil passen!\",\"breadcrumb\":{\"@id\":\"https:\\\/\\\/www.tui.at\\\/blog\\\/andere-reisearten\\\/#breadcrumb\"},\"inLanguage\":\"de\",\"potentialAction\":[{\"@type\":\"ReadAction\",\"target\":[\"https:\\\/\\\/www.tui.at\\\/blog\\\/andere-reisearten\\\/\"]}]},{\"@type\":\"ImageObject\",\"inLanguage\":\"de\",\"@id\":\"https:\\\/\\\/www.tui.at\\\/blog\\\/andere-reisearten\\\/#primaryimage\",\"url\":\"https:\\\/\\\/www.tui.at\\\/blog\\\/wp-content\\\/uploads\\\/2025\\\/10\\\/Andere-Reisearten.jpeg\",\"contentUrl\":\"https:\\\/\\\/www.tui.at\\\/blog\\\/wp-content\\\/uploads\\\/2025\\\/10\\\/Andere-Reisearten.jpeg\",\"width\":1732,\"height\":998},{\"@type\":\"BreadcrumbList\",\"@id\":\"https:\\\/\\\/www.tui.at\\\/blog\\\/andere-reisearten\\\/#breadcrumb\",\"itemListElement\":[{\"@type\":\"ListItem\",\"position\":1,\"name\":\"Startseite\",\"item\":\"https:\\\/\\\/www.tui.at\\\/blog\\\/\"},{\"@type\":\"ListItem\",\"position\":2,\"name\":\"Andere Reisearten\"}]},{\"@type\":\"WebSite\",\"@id\":\"https:\\\/\\\/www.tui.at\\\/blog\\\/#website\",\"url\":\"https:\\\/\\\/www.tui.at\\\/blog\\\/\",\"name\":\"TUI.at Reiseblog\",\"description\":\"Inspirationen f\u00fcr den perfekten Urlaub\",\"publisher\":{\"@id\":\"https:\\\/\\\/www.tui.at\\\/blog\\\/#organization\"},\"potentialAction\":[{\"@type\":\"SearchAction\",\"target\":{\"@type\":\"EntryPoint\",\"urlTemplate\":\"https:\\\/\\\/www.tui.at\\\/blog\\\/?s={search_term_string}\"},\"query-input\":{\"@type\":\"PropertyValueSpecification\",\"valueRequired\":true,\"valueName\":\"search_term_string\"}}],\"inLanguage\":\"de\"},{\"@type\":\"Organization\",\"@id\":\"https:\\\/\\\/www.tui.at\\\/blog\\\/#organization\",\"name\":\"TUI.at Reiseblog\",\"url\":\"https:\\\/\\\/www.tui.at\\\/blog\\\/\",\"logo\":{\"@type\":\"ImageObject\",\"inLanguage\":\"de\",\"@id\":\"https:\\\/\\\/www.tui.at\\\/blog\\\/#\\\/schema\\\/logo\\\/image\\\/\",\"url\":\"https:\\\/\\\/www.tui.at\\\/blog\\\/wp-content\\\/uploads\\\/2025\\\/09\\\/cropped-tui-logo-3.webp\",\"contentUrl\":\"https:\\\/\\\/www.tui.at\\\/blog\\\/wp-content\\\/uploads\\\/2025\\\/09\\\/cropped-tui-logo-3.webp\",\"width\":164,\"height\":72,\"caption\":\"TUI.at Reiseblog\"},\"image\":{\"@id\":\"https:\\\/\\\/www.tui.at\\\/blog\\\/#\\\/schema\\\/logo\\\/image\\\/\"}}]}<\/script>\n<!-- \/ Yoast SEO plugin. -->","yoast_head_json":{"title":"Andere Reisearten \u2013 Inspiration & Ideen - TUI.at Reiseblog","description":"Entdecke auf dem TUI Blog verschiedene Reisearten: Tipps & Ideen f\u00fcr individuelle Urlaubsformen, die perfekt zu dir & deinem Lebensstil passen!","robots":{"index":"index","follow":"follow","max-snippet":"max-snippet:-1","max-image-preview":"max-image-preview:large","max-video-preview":"max-video-preview:-1"},"canonical":"https:\/\/www.tui.at\/blog\/andere-reisearten\/","og_locale":"de_DE","og_type":"article","og_title":"Andere Reisearten \u2013 Inspiration & Ideen - TUI.at Reiseblog","og_description":"Entdecke auf dem TUI Blog verschiedene Reisearten: Tipps & Ideen f\u00fcr individuelle Urlaubsformen, die perfekt zu dir & deinem Lebensstil passen!","og_url":"https:\/\/www.tui.at\/blog\/andere-reisearten\/","og_site_name":"TUI.at Reiseblog","article_modified_time":"2025-10-29T14:02:40+00:00","og_image":[{"width":1732,"height":998,"url":"https:\/\/www.tui.at\/blog\/wp-content\/uploads\/2025\/10\/Andere-Reisearten.jpeg","type":"image\/jpeg"}],"twitter_card":"summary_large_image","schema":{"@context":"https:\/\/schema.org","@graph":[{"@type":"WebPage","@id":"https:\/\/www.tui.at\/blog\/andere-reisearten\/","url":"https:\/\/www.tui.at\/blog\/andere-reisearten\/","name":"Andere Reisearten \u2013 Inspiration & Ideen - TUI.at Reiseblog","isPartOf":{"@id":"https:\/\/www.tui.at\/blog\/#website"},"primaryImageOfPage":{"@id":"https:\/\/www.tui.at\/blog\/andere-reisearten\/#primaryimage"},"image":{"@id":"https:\/\/www.tui.at\/blog\/andere-reisearten\/#primaryimage"},"thumbnailUrl":"https:\/\/www.tui.at\/blog\/wp-content\/uploads\/2025\/10\/Andere-Reisearten.jpeg","datePublished":"2025-10-29T14:01:04+00:00","dateModified":"2025-10-29T14:02:40+00:00","description":"Entdecke auf dem TUI Blog verschiedene Reisearten: Tipps & Ideen f\u00fcr individuelle Urlaubsformen, die perfekt zu dir & deinem Lebensstil passen!","breadcrumb":{"@id":"https:\/\/www.tui.at\/blog\/andere-reisearten\/#breadcrumb"},"inLanguage":"de","potentialAction":[{"@type":"ReadAction","target":["https:\/\/www.tui.at\/blog\/andere-reisearten\/"]}]},{"@type":"ImageObject","inLanguage":"de","@id":"https:\/\/www.tui.at\/blog\/andere-reisearten\/#primaryimage","url":"https:\/\/www.tui.at\/blog\/wp-content\/uploads\/2025\/10\/Andere-Reisearten.jpeg","contentUrl":"https:\/\/www.tui.at\/blog\/wp-content\/uploads\/2025\/10\/Andere-Reisearten.jpeg","width":1732,"height":998},{"@type":"BreadcrumbList","@id":"https:\/\/www.tui.at\/blog\/andere-reisearten\/#breadcrumb","itemListElement":[{"@type":"ListItem","position":1,"name":"Startseite","item":"https:\/\/www.tui.at\/blog\/"},{"@type":"ListItem","position":2,"name":"Andere Reisearten"}]},{"@type":"WebSite","@id":"https:\/\/www.tui.at\/blog\/#website","url":"https:\/\/www.tui.at\/blog\/","name":"TUI.at Reiseblog","description":"Inspirationen f\u00fcr den perfekten Urlaub","publisher":{"@id":"https:\/\/www.tui.at\/blog\/#organization"},"potentialAction":[{"@type":"SearchAction","target":{"@type":"EntryPoint","urlTemplate":"https:\/\/www.tui.at\/blog\/?s={search_term_string}"},"query-input":{"@type":"PropertyValueSpecification","valueRequired":true,"valueName":"search_term_string"}}],"inLanguage":"de"},{"@type":"Organization","@id":"https:\/\/www.tui.at\/blog\/#organization","name":"TUI.at Reiseblog","url":"https:\/\/www.tui.at\/blog\/","logo":{"@type":"ImageObject","inLanguage":"de","@id":"https:\/\/www.tui.at\/blog\/#\/schema\/logo\/image\/","url":"https:\/\/www.tui.at\/blog\/wp-content\/uploads\/2025\/09\/cropped-tui-logo-3.webp","contentUrl":"https:\/\/www.tui.at\/blog\/wp-content\/uploads\/2025\/09\/cropped-tui-logo-3.webp","width":164,"height":72,"caption":"TUI.at Reiseblog"},"image":{"@id":"https:\/\/www.tui.at\/blog\/#\/schema\/logo\/image\/"}}]}},"_links":{"self":[{"href":"https:\/\/www.tui.at\/blog\/wp-json\/wp\/v2\/pages\/491287","targetHints":{"allow":["GET"]}}],"collection":[{"href":"https:\/\/www.tui.at\/blog\/wp-json\/wp\/v2\/pages"}],"about":[{"href":"https:\/\/www.tui.at\/blog\/wp-json\/wp\/v2\/types\/page"}],"author":[{"embeddable":true,"href":"https:\/\/www.tui.at\/blog\/wp-json\/wp\/v2\/users\/160"}],"replies":[{"embeddable":true,"href":"https:\/\/www.tui.at\/blog\/wp-json\/wp\/v2\/comments?post=491287"}],"version-history":[{"count":2,"href":"https:\/\/www.tui.at\/blog\/wp-json\/wp\/v2\/pages\/491287\/revisions"}],"predecessor-version":[{"id":491295,"href":"https:\/\/www.tui.at\/blog\/wp-json\/wp\/v2\/pages\/491287\/revisions\/491295"}],"wp:featuredmedia":[{"embeddable":true,"href":"https:\/\/www.tui.at\/blog\/wp-json\/wp\/v2\/media\/491289"}],"wp:attachment":[{"href":"https:\/\/www.tui.at\/blog\/wp-json\/wp\/v2\/media?parent=491287"}],"curies":[{"name":"wp","href":"https:\/\/api.w.org\/{rel}","templated":true}]}}