{"id":491271,"date":"2025-10-29T11:58:34","date_gmt":"2025-10-29T10:58:34","guid":{"rendered":"https:\/\/www.tui.at\/blog\/?page_id=491271"},"modified":"2025-10-29T12:03:30","modified_gmt":"2025-10-29T11:03:30","slug":"rundreisen","status":"publish","type":"page","link":"https:\/\/www.tui.at\/blog\/rundreisen\/","title":{"rendered":"Roadtrips &amp; Rundreisen"},"content":{"rendered":"<div class=\"gb-container gb-container-af47a24d\"><div class=\"gb-inside-container\">\n<div class=\"gb-container gb-container-5c7c3cd9\"><div class=\"gb-inside-container\">\n<div class=\"gb-grid-wrapper gb-grid-wrapper-4674d008\">\n<div class=\"gb-grid-column gb-grid-column-e5cdbe06\"><div class=\"gb-container gb-container-e5cdbe06\">\n\n<p class=\"gb-headline gb-headline-3528e644 gb-headline-text\"><strong>Erinnerungen f\u00fcrs Leben &#8211; die sch\u00f6nsten Routen f\u00fcr Roadtrips &amp; Rundreisen<\/strong><\/p>\n\n\n\n<p class=\"has-text-align-center\">Roadtrips und Rundreisen sind die perfekte Mischung aus Abenteuer und Flexibilit\u00e4t. Dabei sind sie ideal f\u00fcr alle, die unterwegs mehr entdecken, erleben und sehen m\u00f6chten. Ob mit dem Mietwagen, Bus oder individuell geplant \u2013 hier findest du Inspiration, Routen und Tipps f\u00fcr unvergessliche Reisen voller Vielfalt.\u00a0<\/p>\n\n<\/div><\/div>\n\n<div class=\"gb-grid-column gb-grid-column-d380042d\"><div class=\"gb-container gb-container-d380042d\">\n<div class=\"wp-block-image\">\n<figure class=\"aligncenter size-full is-resized\"><img loading=\"lazy\" decoding=\"async\" width=\"1778\" height=\"1778\" src=\"https:\/\/www.tui.at\/blog\/wp-content\/uploads\/2025\/10\/icon-binoculars.png\" alt=\"\" class=\"wp-image-491275\" style=\"width:115px\" srcset=\"https:\/\/www.tui.at\/blog\/wp-content\/uploads\/2025\/10\/icon-binoculars.png 1778w, https:\/\/www.tui.at\/blog\/wp-content\/uploads\/2025\/10\/icon-binoculars-444x444.png 444w, https:\/\/www.tui.at\/blog\/wp-content\/uploads\/2025\/10\/icon-binoculars-563x563.png 563w, https:\/\/www.tui.at\/blog\/wp-content\/uploads\/2025\/10\/icon-binoculars-768x768.png 768w, https:\/\/www.tui.at\/blog\/wp-content\/uploads\/2025\/10\/icon-binoculars-1536x1536.png 1536w, https:\/\/www.tui.at\/blog\/wp-content\/uploads\/2025\/10\/icon-binoculars-220x220.png 220w, https:\/\/www.tui.at\/blog\/wp-content\/uploads\/2025\/10\/icon-binoculars-24x24.png 24w, https:\/\/www.tui.at\/blog\/wp-content\/uploads\/2025\/10\/icon-binoculars-48x48.png 48w, https:\/\/www.tui.at\/blog\/wp-content\/uploads\/2025\/10\/icon-binoculars-96x96.png 96w, https:\/\/www.tui.at\/blog\/wp-content\/uploads\/2025\/10\/icon-binoculars-150x150.png 150w, https:\/\/www.tui.at\/blog\/wp-content\/uploads\/2025\/10\/icon-binoculars-300x300.png 300w\" sizes=\"auto, (max-width: 1778px) 100vw, 1778px\" \/><\/figure>\n<\/div>\n<\/div><\/div>\n<\/div>\n<\/div><\/div>\n<\/div><\/div>\n\n<div class=\"gb-container gb-container-86c519b2\">\n\n<h2 class=\"gb-headline gb-headline-dc039d34 gb-headline-text\">Unsere Top Artikel<\/h2>\n\n\n    <div class=\"toparticle-item toparticle-block\">\r\n        <div class=\"row\">\r\n                            <article class=\"toparticle\" style=\"background-image: url('https:\/\/www.tui.at\/blog\/wp-content\/uploads\/2020\/01\/shutterstock_1010906470_rovinj_kroatien.jpg')\" role=\"img\" aria-label=\"Kroatien Rundreise\">\r\n                    <a href=\"https:\/\/www.tui.at\/blog\/kroatien-rundreise\/\" target=\"https:\/\/www.tui.at\/blog\/kroatien-rundreise\/\" class=\"toparticle-gradient\" aria-label=\"Top Article Link\"><\/a>\r\n                                            <div class=\"toparticle-panel \">\r\n                            <p class=\"toparticle-title\">Kroatien Rundreise<\/p>\r\n                            <p class=\"toparticle-subtitle\">Istrien mit dem Auto erleben\u00a0<\/p>                        <\/div>\r\n                                    <\/article>\r\n                            <article class=\"toparticle\" style=\"background-image: url('https:\/\/www.tui.at\/blog\/wp-content\/uploads\/2018\/03\/shutterstock_221848963_San_Gimignano_Toskana-1.jpg')\" role=\"img\" aria-label=\"Italien Roadtrip \">\r\n                    <a href=\"https:\/\/www.tui.at\/blog\/italien-roadtrip-auf-der-suche-nach-sonne-wein-und-meer\/\" target=\"https:\/\/www.tui.at\/blog\/italien-roadtrip-auf-der-suche-nach-sonne-wein-und-meer\/\" class=\"toparticle-gradient\" aria-label=\"Top Article Link\"><\/a>\r\n                                            <div class=\"toparticle-panel \">\r\n                            <p class=\"toparticle-title\">Italien Roadtrip <\/p>\r\n                            <p class=\"toparticle-subtitle\">Auf der Suche nach Sonne, Wein und Meer<\/p>                        <\/div>\r\n                                    <\/article>\r\n                    <\/div>\r\n    <\/div>\r\n\n<\/div>\n\n<div class=\"gb-container gb-container-0471e53d\"><div class=\"gb-inside-container\">\n<section class=\"article-block container\">\r\n\r\n    <h2>Unsere neusten Roadtrip &#038; Rundreise-Artikel<\/h2>\r\n            <div class=\"highlighted-article\" id=\"\">\r\n            \r\n                                            \r\n\r\n                    <article class=\"highlighted-article--container\">\r\n                        <div class=\"highlighted-article__grid\">\r\n                            <a href=\"https:\/\/www.tui.at\/blog\/montenegro-roadtrip\/\" class=\"teaser\" style=\"background-image:url('https:\/\/www.tui.at\/blog\/wp-content\/uploads\/2025\/11\/Montenegro_Headerbild.jpg');\" aria-label=\"Montenegro Roadtrip \u2013 Das bestgeh\u00fctete Geheimnis des Balkans\"><\/a>\r\n                            <div class=\"highlighted-article__content\">\r\n                                                                                                    <span class=\"highlighted-article__category\">Roadtrips &amp; Rundreisen<\/span>\r\n                                                                <h3 class=\"title\"><a href=\"https:\/\/www.tui.at\/blog\/montenegro-roadtrip\/\">Montenegro Roadtrip \u2013 Das bestgeh\u00fctete Geheimnis des Balkans<\/a><\/h3>\r\n                                <time datetime=\"Mi..Nov..2025\" itemprop=\"datePublished\">26.11.2025<\/time>\r\n                                <p class=\"excerpt\">Lust auf einen Roadtrip durch Montenegro? Wir verraten dir unsere Geheimtipps und Must-Do&#8217;s, die deinen Urlaub unvergesslich machen. <span class=\"read-more\"><a href=\"https:\/\/www.tui.at\/blog\/montenegro-roadtrip\/\">Weiterlesen<\/a><\/span><\/p>\r\n                            <\/div>\r\n                        <\/div>\r\n\r\n                    <\/article>\r\n\r\n                \r\n                                                                <div class=\"articles\">\r\n                                                <a href=\"https:\/\/www.tui.at\/blog\/eigenanreise\/\" aria-label=\"Urlaub mit Eigenanreise: Top Spots f\u00fcr deinen Sommerurlaub\">\r\n                            <img decoding=\"async\" src=\"https:\/\/www.tui.at\/blog\/wp-content\/uploads\/2024\/04\/Eigenanreise_Header-390x195.jpg\" loading=\"lazy\" width=\"100%\" height=\"auto\" alt=\"\">\r\n                        <\/a>\r\n                        <div class=\"\">\r\n                                                        <div class=\"info-grid\">\r\n                                <div><span class=\"highlighted-article__category\">Roadtrips &amp; Rundreisen<\/span><\/div>\r\n                                <div class=\"time\"><time datetime=\"Di..Jan..2025\" itemprop=\"datePublished\">21.01.2025<\/time><\/div>\r\n                            <\/div>\r\n                            <h3 class=\"title\"><a href=\"https:\/\/www.tui.at\/blog\/eigenanreise\/\">Urlaub mit Eigenanreise: Top Spots f\u00fcr deinen Sommerurlaub<\/a><\/h3>\r\n                        <\/div>\r\n                    <\/div>\r\n\r\n                \r\n                                                                <div class=\"articles\">\r\n                                                <a href=\"https:\/\/www.tui.at\/blog\/tui-reiseexpertinnen-auto-und-motorradreisen\/\" aria-label=\"TUI Reiseexpert:innen &#8211; Auto- und Motorradreisen\">\r\n                            <img decoding=\"async\" src=\"https:\/\/www.tui.at\/blog\/wp-content\/uploads\/2022\/03\/114_Tausch-Route-66-293x220.jpg\" loading=\"lazy\" width=\"100%\" height=\"auto\" alt=\"\">\r\n                        <\/a>\r\n                        <div class=\"\">\r\n                                                        <div class=\"info-grid\">\r\n                                <div><span class=\"highlighted-article__category\">Roadtrips &amp; Rundreisen<\/span><\/div>\r\n                                <div class=\"time\"><time datetime=\"Do..M\u00e4rz.2022\" itemprop=\"datePublished\">03.03.2022<\/time><\/div>\r\n                            <\/div>\r\n                            <h3 class=\"title\"><a href=\"https:\/\/www.tui.at\/blog\/tui-reiseexpertinnen-auto-und-motorradreisen\/\">TUI Reiseexpert:innen &#8211; Auto- und Motorradreisen<\/a><\/h3>\r\n                        <\/div>\r\n                    <\/div>\r\n\r\n                \r\n                                                                <div class=\"articles\">\r\n                                                <a href=\"https:\/\/www.tui.at\/blog\/tui-reiseexpertinnen-gruppenreisen\/\" aria-label=\"TUI Reiseexpert:innen \u2013 Gruppenreisen\">\r\n                            <img decoding=\"async\" src=\"https:\/\/www.tui.at\/blog\/wp-content\/uploads\/2022\/01\/Gruppe-Ausflug-330x220.jpg\" loading=\"lazy\" width=\"100%\" height=\"auto\" alt=\"\">\r\n                        <\/a>\r\n                        <div class=\"\">\r\n                                                        <div class=\"info-grid\">\r\n                                <div><span class=\"highlighted-article__category\">Roadtrips &amp; Rundreisen<\/span><\/div>\r\n                                <div class=\"time\"><time datetime=\"Do..Jan..2022\" itemprop=\"datePublished\">27.01.2022<\/time><\/div>\r\n                            <\/div>\r\n                            <h3 class=\"title\"><a href=\"https:\/\/www.tui.at\/blog\/tui-reiseexpertinnen-gruppenreisen\/\">TUI Reiseexpert:innen \u2013 Gruppenreisen<\/a><\/h3>\r\n                        <\/div>\r\n                    <\/div>\r\n\r\n                \r\n                                                                <div class=\"articles\">\r\n                                                <a href=\"https:\/\/www.tui.at\/blog\/yucaranrundreise_ladyvenom\/\" aria-label=\"Yucat\u00e1n Rundreise: 2 Wochen individuell unterwegs mit TUI\">\r\n                            <img decoding=\"async\" src=\"https:\/\/www.tui.at\/blog\/wp-content\/uploads\/2022\/01\/thetravelblog.at-by-ladyvenom-mexico-yucatan-tui-777-331x220.jpg\" loading=\"lazy\" width=\"100%\" height=\"auto\" alt=\"\">\r\n                        <\/a>\r\n                        <div class=\"\">\r\n                                                        <div class=\"info-grid\">\r\n                                <div><span class=\"highlighted-article__category\">Roadtrips &amp; Rundreisen<\/span><\/div>\r\n                                <div class=\"time\"><time datetime=\"Do..Jan..2022\" itemprop=\"datePublished\">20.01.2022<\/time><\/div>\r\n                            <\/div>\r\n                            <h3 class=\"title\"><a href=\"https:\/\/www.tui.at\/blog\/yucaranrundreise_ladyvenom\/\">Yucat\u00e1n Rundreise: 2 Wochen individuell unterwegs mit TUI<\/a><\/h3>\r\n                        <\/div>\r\n                    <\/div>\r\n\r\n                \r\n                                                                <div class=\"articles\">\r\n                                                <a href=\"https:\/\/www.tui.at\/blog\/urlaubsstory-toskana\/\" aria-label=\"Urlaubsstory Toskana\">\r\n                            <img decoding=\"async\" src=\"https:\/\/www.tui.at\/blog\/wp-content\/uploads\/2021\/10\/shutterstock_381104680_Toskana_Panorama_Florenz-390x110.jpg\" loading=\"lazy\" width=\"100%\" height=\"auto\" alt=\"\">\r\n                        <\/a>\r\n                        <div class=\"\">\r\n                                                        <div class=\"info-grid\">\r\n                                <div><span class=\"highlighted-article__category\">Roadtrips &amp; Rundreisen<\/span><\/div>\r\n                                <div class=\"time\"><time datetime=\"Fr..Apr..2021\" itemprop=\"datePublished\">09.04.2021<\/time><\/div>\r\n                            <\/div>\r\n                            <h3 class=\"title\"><a href=\"https:\/\/www.tui.at\/blog\/urlaubsstory-toskana\/\">Urlaubsstory Toskana<\/a><\/h3>\r\n                        <\/div>\r\n                    <\/div>\r\n\r\n                \r\n                                                                <div class=\"articles\">\r\n                                                <a href=\"https:\/\/www.tui.at\/blog\/tuireiseexperten-geben-insidertipps-mexiko\/\" aria-label=\"#TUIReiseexperten geben Insidertipps \u2013 Mexiko\">\r\n                            <img decoding=\"async\" src=\"https:\/\/www.tui.at\/blog\/wp-content\/uploads\/2018\/12\/shutterstock_386291464-330x220.jpg\" loading=\"lazy\" width=\"100%\" height=\"auto\" alt=\"\">\r\n                        <\/a>\r\n                        <div class=\"\">\r\n                                                        <div class=\"info-grid\">\r\n                                <div><span class=\"highlighted-article__category\">Roadtrips &amp; Rundreisen<\/span><\/div>\r\n                                <div class=\"time\"><time datetime=\"Do..Apr..2021\" itemprop=\"datePublished\">08.04.2021<\/time><\/div>\r\n                            <\/div>\r\n                            <h3 class=\"title\"><a href=\"https:\/\/www.tui.at\/blog\/tuireiseexperten-geben-insidertipps-mexiko\/\">#TUIReiseexperten geben Insidertipps \u2013 Mexiko<\/a><\/h3>\r\n                        <\/div>\r\n                    <\/div>\r\n\r\n                \r\n                                    \r\n        <\/div>\r\n    \r\n<\/section>\n<\/div><\/div>\n\n<div class=\"gb-container gb-container-e990a9b7\">\n<div class=\"gb-button-wrapper gb-button-wrapper-667eabda\">\n\n<a class=\"gb-button gb-button-47db0ba3 gb-button-text tui-btn\" href=\"\/blog\/archiv-roadtrips-und-rundreisen\/page\/2\/\">Alle ansehen<\/a>\n\n<\/div>\n<\/div>","protected":false},"excerpt":{"rendered":"<p>Unsere Top Artikel<\/p>\n","protected":false},"author":160,"featured_media":491273,"parent":0,"menu_order":0,"comment_status":"closed","ping_status":"closed","template":"","meta":{"_acf_changed":false,"footnotes":""},"class_list":["post-491271","page","type-page","status-publish","has-post-thumbnail"],"acf":[],"yoast_head":"<!-- This site is optimized with the Yoast SEO plugin v27.4 - https:\/\/yoast.com\/product\/yoast-seo-wordpress\/ -->\n<title>Roadtrips &amp; Rundreisen \u2013 Tipps &amp; Routen - TUI.at Reiseblog<\/title>\n<meta name=\"description\" content=\"Entdecke auf dem TUI Blog inspirierende Roadtrips &amp; Rundreisen: Routen, Tipps &amp; Ideen f\u00fcr flexible Abenteuer und unvergessliche Reiseerlebnisse!\" \/>\n<meta name=\"robots\" content=\"index, follow, max-snippet:-1, max-image-preview:large, max-video-preview:-1\" \/>\n<link rel=\"canonical\" href=\"https:\/\/www.tui.at\/blog\/rundreisen\/\" \/>\n<meta property=\"og:locale\" content=\"de_DE\" \/>\n<meta property=\"og:type\" content=\"article\" \/>\n<meta property=\"og:title\" content=\"Roadtrips &amp; Rundreisen \u2013 Tipps &amp; Routen - TUI.at Reiseblog\" \/>\n<meta property=\"og:description\" content=\"Entdecke auf dem TUI Blog inspirierende Roadtrips &amp; Rundreisen: Routen, Tipps &amp; Ideen f\u00fcr flexible Abenteuer und unvergessliche Reiseerlebnisse!\" \/>\n<meta property=\"og:url\" content=\"https:\/\/www.tui.at\/blog\/rundreisen\/\" \/>\n<meta property=\"og:site_name\" content=\"TUI.at Reiseblog\" \/>\n<meta property=\"article:modified_time\" content=\"2025-10-29T11:03:30+00:00\" \/>\n<meta property=\"og:image\" content=\"https:\/\/www.tui.at\/blog\/wp-content\/uploads\/2025\/10\/Rundreisen.jpeg\" \/>\n\t<meta property=\"og:image:width\" content=\"1296\" \/>\n\t<meta property=\"og:image:height\" content=\"864\" \/>\n\t<meta property=\"og:image:type\" content=\"image\/jpeg\" \/>\n<meta name=\"twitter:card\" content=\"summary_large_image\" \/>\n<script type=\"application\/ld+json\" class=\"yoast-schema-graph\">{\"@context\":\"https:\\\/\\\/schema.org\",\"@graph\":[{\"@type\":\"WebPage\",\"@id\":\"https:\\\/\\\/www.tui.at\\\/blog\\\/rundreisen\\\/\",\"url\":\"https:\\\/\\\/www.tui.at\\\/blog\\\/rundreisen\\\/\",\"name\":\"Roadtrips & Rundreisen \u2013 Tipps & Routen - TUI.at Reiseblog\",\"isPartOf\":{\"@id\":\"https:\\\/\\\/www.tui.at\\\/blog\\\/#website\"},\"primaryImageOfPage\":{\"@id\":\"https:\\\/\\\/www.tui.at\\\/blog\\\/rundreisen\\\/#primaryimage\"},\"image\":{\"@id\":\"https:\\\/\\\/www.tui.at\\\/blog\\\/rundreisen\\\/#primaryimage\"},\"thumbnailUrl\":\"https:\\\/\\\/www.tui.at\\\/blog\\\/wp-content\\\/uploads\\\/2025\\\/10\\\/Rundreisen.jpeg\",\"datePublished\":\"2025-10-29T10:58:34+00:00\",\"dateModified\":\"2025-10-29T11:03:30+00:00\",\"description\":\"Entdecke auf dem TUI Blog inspirierende Roadtrips & Rundreisen: Routen, Tipps & Ideen f\u00fcr flexible Abenteuer und unvergessliche Reiseerlebnisse!\",\"breadcrumb\":{\"@id\":\"https:\\\/\\\/www.tui.at\\\/blog\\\/rundreisen\\\/#breadcrumb\"},\"inLanguage\":\"de\",\"potentialAction\":[{\"@type\":\"ReadAction\",\"target\":[\"https:\\\/\\\/www.tui.at\\\/blog\\\/rundreisen\\\/\"]}]},{\"@type\":\"ImageObject\",\"inLanguage\":\"de\",\"@id\":\"https:\\\/\\\/www.tui.at\\\/blog\\\/rundreisen\\\/#primaryimage\",\"url\":\"https:\\\/\\\/www.tui.at\\\/blog\\\/wp-content\\\/uploads\\\/2025\\\/10\\\/Rundreisen.jpeg\",\"contentUrl\":\"https:\\\/\\\/www.tui.at\\\/blog\\\/wp-content\\\/uploads\\\/2025\\\/10\\\/Rundreisen.jpeg\",\"width\":1296,\"height\":864,\"caption\":\"Wild nature of Africa. Zebras against mountains and clouds. Safari in Ngorongoro Crater National park. Tanzania.\"},{\"@type\":\"BreadcrumbList\",\"@id\":\"https:\\\/\\\/www.tui.at\\\/blog\\\/rundreisen\\\/#breadcrumb\",\"itemListElement\":[{\"@type\":\"ListItem\",\"position\":1,\"name\":\"Startseite\",\"item\":\"https:\\\/\\\/www.tui.at\\\/blog\\\/\"},{\"@type\":\"ListItem\",\"position\":2,\"name\":\"Roadtrips &amp; Rundreisen\"}]},{\"@type\":\"WebSite\",\"@id\":\"https:\\\/\\\/www.tui.at\\\/blog\\\/#website\",\"url\":\"https:\\\/\\\/www.tui.at\\\/blog\\\/\",\"name\":\"TUI.at Reiseblog\",\"description\":\"Inspirationen f\u00fcr den perfekten Urlaub\",\"publisher\":{\"@id\":\"https:\\\/\\\/www.tui.at\\\/blog\\\/#organization\"},\"potentialAction\":[{\"@type\":\"SearchAction\",\"target\":{\"@type\":\"EntryPoint\",\"urlTemplate\":\"https:\\\/\\\/www.tui.at\\\/blog\\\/?s={search_term_string}\"},\"query-input\":{\"@type\":\"PropertyValueSpecification\",\"valueRequired\":true,\"valueName\":\"search_term_string\"}}],\"inLanguage\":\"de\"},{\"@type\":\"Organization\",\"@id\":\"https:\\\/\\\/www.tui.at\\\/blog\\\/#organization\",\"name\":\"TUI.at Reiseblog\",\"url\":\"https:\\\/\\\/www.tui.at\\\/blog\\\/\",\"logo\":{\"@type\":\"ImageObject\",\"inLanguage\":\"de\",\"@id\":\"https:\\\/\\\/www.tui.at\\\/blog\\\/#\\\/schema\\\/logo\\\/image\\\/\",\"url\":\"https:\\\/\\\/www.tui.at\\\/blog\\\/wp-content\\\/uploads\\\/2025\\\/09\\\/cropped-tui-logo-3.webp\",\"contentUrl\":\"https:\\\/\\\/www.tui.at\\\/blog\\\/wp-content\\\/uploads\\\/2025\\\/09\\\/cropped-tui-logo-3.webp\",\"width\":164,\"height\":72,\"caption\":\"TUI.at Reiseblog\"},\"image\":{\"@id\":\"https:\\\/\\\/www.tui.at\\\/blog\\\/#\\\/schema\\\/logo\\\/image\\\/\"}}]}<\/script>\n<!-- \/ Yoast SEO plugin. -->","yoast_head_json":{"title":"Roadtrips & Rundreisen \u2013 Tipps & Routen - TUI.at Reiseblog","description":"Entdecke auf dem TUI Blog inspirierende Roadtrips & Rundreisen: Routen, Tipps & Ideen f\u00fcr flexible Abenteuer und unvergessliche Reiseerlebnisse!","robots":{"index":"index","follow":"follow","max-snippet":"max-snippet:-1","max-image-preview":"max-image-preview:large","max-video-preview":"max-video-preview:-1"},"canonical":"https:\/\/www.tui.at\/blog\/rundreisen\/","og_locale":"de_DE","og_type":"article","og_title":"Roadtrips & Rundreisen \u2013 Tipps & Routen - TUI.at Reiseblog","og_description":"Entdecke auf dem TUI Blog inspirierende Roadtrips & Rundreisen: Routen, Tipps & Ideen f\u00fcr flexible Abenteuer und unvergessliche Reiseerlebnisse!","og_url":"https:\/\/www.tui.at\/blog\/rundreisen\/","og_site_name":"TUI.at Reiseblog","article_modified_time":"2025-10-29T11:03:30+00:00","og_image":[{"width":1296,"height":864,"url":"https:\/\/www.tui.at\/blog\/wp-content\/uploads\/2025\/10\/Rundreisen.jpeg","type":"image\/jpeg"}],"twitter_card":"summary_large_image","schema":{"@context":"https:\/\/schema.org","@graph":[{"@type":"WebPage","@id":"https:\/\/www.tui.at\/blog\/rundreisen\/","url":"https:\/\/www.tui.at\/blog\/rundreisen\/","name":"Roadtrips & Rundreisen \u2013 Tipps & Routen - TUI.at Reiseblog","isPartOf":{"@id":"https:\/\/www.tui.at\/blog\/#website"},"primaryImageOfPage":{"@id":"https:\/\/www.tui.at\/blog\/rundreisen\/#primaryimage"},"image":{"@id":"https:\/\/www.tui.at\/blog\/rundreisen\/#primaryimage"},"thumbnailUrl":"https:\/\/www.tui.at\/blog\/wp-content\/uploads\/2025\/10\/Rundreisen.jpeg","datePublished":"2025-10-29T10:58:34+00:00","dateModified":"2025-10-29T11:03:30+00:00","description":"Entdecke auf dem TUI Blog inspirierende Roadtrips & Rundreisen: Routen, Tipps & Ideen f\u00fcr flexible Abenteuer und unvergessliche Reiseerlebnisse!","breadcrumb":{"@id":"https:\/\/www.tui.at\/blog\/rundreisen\/#breadcrumb"},"inLanguage":"de","potentialAction":[{"@type":"ReadAction","target":["https:\/\/www.tui.at\/blog\/rundreisen\/"]}]},{"@type":"ImageObject","inLanguage":"de","@id":"https:\/\/www.tui.at\/blog\/rundreisen\/#primaryimage","url":"https:\/\/www.tui.at\/blog\/wp-content\/uploads\/2025\/10\/Rundreisen.jpeg","contentUrl":"https:\/\/www.tui.at\/blog\/wp-content\/uploads\/2025\/10\/Rundreisen.jpeg","width":1296,"height":864,"caption":"Wild nature of Africa. Zebras against mountains and clouds. Safari in Ngorongoro Crater National park. Tanzania."},{"@type":"BreadcrumbList","@id":"https:\/\/www.tui.at\/blog\/rundreisen\/#breadcrumb","itemListElement":[{"@type":"ListItem","position":1,"name":"Startseite","item":"https:\/\/www.tui.at\/blog\/"},{"@type":"ListItem","position":2,"name":"Roadtrips &amp; Rundreisen"}]},{"@type":"WebSite","@id":"https:\/\/www.tui.at\/blog\/#website","url":"https:\/\/www.tui.at\/blog\/","name":"TUI.at Reiseblog","description":"Inspirationen f\u00fcr den perfekten Urlaub","publisher":{"@id":"https:\/\/www.tui.at\/blog\/#organization"},"potentialAction":[{"@type":"SearchAction","target":{"@type":"EntryPoint","urlTemplate":"https:\/\/www.tui.at\/blog\/?s={search_term_string}"},"query-input":{"@type":"PropertyValueSpecification","valueRequired":true,"valueName":"search_term_string"}}],"inLanguage":"de"},{"@type":"Organization","@id":"https:\/\/www.tui.at\/blog\/#organization","name":"TUI.at Reiseblog","url":"https:\/\/www.tui.at\/blog\/","logo":{"@type":"ImageObject","inLanguage":"de","@id":"https:\/\/www.tui.at\/blog\/#\/schema\/logo\/image\/","url":"https:\/\/www.tui.at\/blog\/wp-content\/uploads\/2025\/09\/cropped-tui-logo-3.webp","contentUrl":"https:\/\/www.tui.at\/blog\/wp-content\/uploads\/2025\/09\/cropped-tui-logo-3.webp","width":164,"height":72,"caption":"TUI.at Reiseblog"},"image":{"@id":"https:\/\/www.tui.at\/blog\/#\/schema\/logo\/image\/"}}]}},"_links":{"self":[{"href":"https:\/\/www.tui.at\/blog\/wp-json\/wp\/v2\/pages\/491271","targetHints":{"allow":["GET"]}}],"collection":[{"href":"https:\/\/www.tui.at\/blog\/wp-json\/wp\/v2\/pages"}],"about":[{"href":"https:\/\/www.tui.at\/blog\/wp-json\/wp\/v2\/types\/page"}],"author":[{"embeddable":true,"href":"https:\/\/www.tui.at\/blog\/wp-json\/wp\/v2\/users\/160"}],"replies":[{"embeddable":true,"href":"https:\/\/www.tui.at\/blog\/wp-json\/wp\/v2\/comments?post=491271"}],"version-history":[{"count":2,"href":"https:\/\/www.tui.at\/blog\/wp-json\/wp\/v2\/pages\/491271\/revisions"}],"predecessor-version":[{"id":491279,"href":"https:\/\/www.tui.at\/blog\/wp-json\/wp\/v2\/pages\/491271\/revisions\/491279"}],"wp:featuredmedia":[{"embeddable":true,"href":"https:\/\/www.tui.at\/blog\/wp-json\/wp\/v2\/media\/491273"}],"wp:attachment":[{"href":"https:\/\/www.tui.at\/blog\/wp-json\/wp\/v2\/media?parent=491271"}],"curies":[{"name":"wp","href":"https:\/\/api.w.org\/{rel}","templated":true}]}}