{"id":491241,"date":"2025-10-29T11:26:19","date_gmt":"2025-10-29T10:26:19","guid":{"rendered":"https:\/\/www.tui.at\/blog\/?page_id=491241"},"modified":"2025-10-29T11:26:19","modified_gmt":"2025-10-29T10:26:19","slug":"familienurlaub","status":"publish","type":"page","link":"https:\/\/www.tui.at\/blog\/familienurlaub\/","title":{"rendered":"Familienurlaub"},"content":{"rendered":"<div class=\"gb-container gb-container-af47a24d\"><div class=\"gb-inside-container\">\n<div class=\"gb-container gb-container-5c7c3cd9\"><div class=\"gb-inside-container\">\n<div class=\"gb-grid-wrapper gb-grid-wrapper-4674d008\">\n<div class=\"gb-grid-column gb-grid-column-e5cdbe06\"><div class=\"gb-container gb-container-e5cdbe06\">\n\n<p class=\"gb-headline gb-headline-3528e644 gb-headline-text\"><strong>Gemeinsam die Welt entdecken \u2013 Familienurlaub f\u00fcr Gro\u00df und Klein\u00a0<\/strong><\/p>\n\n\n\n<p class=\"has-text-align-center\"><strong><br><\/strong>Ein Familienurlaub ist mehr als nur eine Reise \u2013 es ist ein buntes Abenteuer voller Lachen, Staunen und unvergesslicher Momente. Ob beim Planschen im Pool, beim Erkunden geheimnisvoller Orte oder beim gem\u00fctlichen Abendessen unter freiem Himmel \u2013 das Wichtigste ist das Zusammensein. In unserer Kategorie \u201eFamilienurlaub\u201c findest du inspirierende Reiseziele f\u00fcr Gro\u00df und Klein sowie praktische Tipps, wie ihr als Familie besondere Erinnerungen schaffen k\u00f6nnt, die f\u00fcr immer bleiben.\u00a0<\/p>\n\n<\/div><\/div>\n\n<div class=\"gb-grid-column gb-grid-column-d380042d\"><div class=\"gb-container gb-container-d380042d\">\n<div class=\"wp-block-image\">\n<figure class=\"aligncenter size-full is-resized\"><img loading=\"lazy\" decoding=\"async\" width=\"1778\" height=\"1778\" src=\"https:\/\/www.tui.at\/blog\/wp-content\/uploads\/2025\/10\/icon-beach-ball.png\" alt=\"\" class=\"wp-image-491245\" style=\"width:115px\" srcset=\"https:\/\/www.tui.at\/blog\/wp-content\/uploads\/2025\/10\/icon-beach-ball.png 1778w, https:\/\/www.tui.at\/blog\/wp-content\/uploads\/2025\/10\/icon-beach-ball-444x444.png 444w, https:\/\/www.tui.at\/blog\/wp-content\/uploads\/2025\/10\/icon-beach-ball-563x563.png 563w, https:\/\/www.tui.at\/blog\/wp-content\/uploads\/2025\/10\/icon-beach-ball-768x768.png 768w, https:\/\/www.tui.at\/blog\/wp-content\/uploads\/2025\/10\/icon-beach-ball-1536x1536.png 1536w, https:\/\/www.tui.at\/blog\/wp-content\/uploads\/2025\/10\/icon-beach-ball-220x220.png 220w, https:\/\/www.tui.at\/blog\/wp-content\/uploads\/2025\/10\/icon-beach-ball-24x24.png 24w, https:\/\/www.tui.at\/blog\/wp-content\/uploads\/2025\/10\/icon-beach-ball-48x48.png 48w, https:\/\/www.tui.at\/blog\/wp-content\/uploads\/2025\/10\/icon-beach-ball-96x96.png 96w, https:\/\/www.tui.at\/blog\/wp-content\/uploads\/2025\/10\/icon-beach-ball-150x150.png 150w, https:\/\/www.tui.at\/blog\/wp-content\/uploads\/2025\/10\/icon-beach-ball-300x300.png 300w\" sizes=\"auto, (max-width: 1778px) 100vw, 1778px\" \/><\/figure>\n<\/div>\n<\/div><\/div>\n<\/div>\n<\/div><\/div>\n<\/div><\/div>\n\n<div class=\"gb-container gb-container-86c519b2\">\n\n<h2 class=\"gb-headline gb-headline-dc039d34 gb-headline-text\">Unsere Top Artikel<\/h2>\n\n\n    <div class=\"toparticle-item toparticle-block\">\r\n        <div class=\"row\">\r\n                            <article class=\"toparticle\" style=\"background-image: url('https:\/\/www.tui.at\/blog\/wp-content\/uploads\/2024\/10\/Aqua-Park-Header-1.png')\" role=\"img\" aria-label=\"Top 5 Aquapark Hotels f\u00fcr Familen\">\r\n                    <a href=\"https:\/\/www.tui.at\/blog\/die-top-5-aquapark-hotels-fuer-familien\/\" target=\"https:\/\/www.tui.at\/blog\/die-top-5-aquapark-hotels-fuer-familien\/\" class=\"toparticle-gradient\" aria-label=\"Top Article Link\"><\/a>\r\n                                            <div class=\"toparticle-panel \">\r\n                            <p class=\"toparticle-title\">Top 5 Aquapark Hotels f\u00fcr Familen<\/p>\r\n                                                    <\/div>\r\n                                    <\/article>\r\n                            <article class=\"toparticle\" style=\"background-image: url('https:\/\/www.tui.at\/blog\/wp-content\/uploads\/2025\/01\/20241102_095544_2.jpg')\" role=\"img\" aria-label=\"Magic Moments auf Rhodos\">\r\n                    <a href=\"https:\/\/www.tui.at\/blog\/familienurlaub-tui_magic-life-plimmiri\/\" target=\"https:\/\/www.tui.at\/blog\/familienurlaub-tui_magic-life-plimmiri\/\" class=\"toparticle-gradient\" aria-label=\"Top Article Link\"><\/a>\r\n                                            <div class=\"toparticle-panel \">\r\n                            <p class=\"toparticle-title\">Magic Moments auf Rhodos<\/p>\r\n                            <p class=\"toparticle-subtitle\">Familienurlaub im TUI MAGIC LIFE Plimmiri  <\/p>                        <\/div>\r\n                                    <\/article>\r\n                    <\/div>\r\n    <\/div>\r\n\n<\/div>\n\n<div class=\"gb-container gb-container-0471e53d\"><div class=\"gb-inside-container\">\n<section class=\"article-block container\">\r\n\r\n    <h2>Unsere neusten Familienurlaub-Artikel<\/h2>\r\n            <div class=\"highlighted-article\" id=\"\">\r\n            \r\n                                            \r\n\r\n                    <article class=\"highlighted-article--container\">\r\n                        <div class=\"highlighted-article__grid\">\r\n                            <a href=\"https:\/\/www.tui.at\/blog\/familienurlaub-tui_magic-life-plimmiri\/\" class=\"teaser\" style=\"background-image:url('https:\/\/www.tui.at\/blog\/wp-content\/uploads\/2025\/01\/20241102_095544_2.jpg');\" aria-label=\"Magic Moments auf Rhodos: Familienurlaub im TUI MAGIC LIFE Plimmiri\"><\/a>\r\n                            <div class=\"highlighted-article__content\">\r\n                                                                                                    <span class=\"highlighted-article__category\">Familienurlaub<\/span>\r\n                                                                <h3 class=\"title\"><a href=\"https:\/\/www.tui.at\/blog\/familienurlaub-tui_magic-life-plimmiri\/\">Magic Moments auf Rhodos: Familienurlaub im TUI MAGIC LIFE Plimmiri<\/a><\/h3>\r\n                                <time datetime=\"Mi..Jan..2025\" itemprop=\"datePublished\">08.01.2025<\/time>\r\n                                <p class=\"excerpt\">Lust auf Familienurlaub? Sabrina und ihre Familie waren auf Rhodos im TUI MAGIC LIFE Plimmiri und hatten dort eine jede Menge Spa\u00df. Was sie dort so erlebt haben, erfahrt ihr hier. <span class=\"read-more\"><a href=\"https:\/\/www.tui.at\/blog\/familienurlaub-tui_magic-life-plimmiri\/\">Weiterlesen<\/a><\/span><\/p>\r\n                            <\/div>\r\n                        <\/div>\r\n\r\n                    <\/article>\r\n\r\n                \r\n                                                                <div class=\"articles\">\r\n                                                <a href=\"https:\/\/www.tui.at\/blog\/die-top-5-aquapark-hotels-fuer-familien\/\" aria-label=\"Die Top 5 Aquapark Hotels f\u00fcr Familien\">\r\n                            <img decoding=\"async\" src=\"https:\/\/www.tui.at\/blog\/wp-content\/uploads\/2024\/10\/Aqua-Park-Header-1-390x220.png\" loading=\"lazy\" width=\"100%\" height=\"auto\" alt=\"\">\r\n                        <\/a>\r\n                        <div class=\"\">\r\n                                                        <div class=\"info-grid\">\r\n                                <div><span class=\"highlighted-article__category\">Familienurlaub<\/span><\/div>\r\n                                <div class=\"time\"><time datetime=\"Do..Okt..2024\" itemprop=\"datePublished\">17.10.2024<\/time><\/div>\r\n                            <\/div>\r\n                            <h3 class=\"title\"><a href=\"https:\/\/www.tui.at\/blog\/die-top-5-aquapark-hotels-fuer-familien\/\">Die Top 5 Aquapark Hotels f\u00fcr Familien<\/a><\/h3>\r\n                        <\/div>\r\n                    <\/div>\r\n\r\n                \r\n                                                                <div class=\"articles\">\r\n                                                <a href=\"https:\/\/www.tui.at\/blog\/familienurlaub-kreta\/\" aria-label=\"Ein unvergesslicher Familienurlaub im TUI KIDS CLUB Grecotel Marine Palace &#038; Aquapark auf Kreta\">\r\n                            <img decoding=\"async\" src=\"https:\/\/www.tui.at\/blog\/wp-content\/uploads\/2024\/08\/AdobeStock_238450483-390x125.jpeg\" loading=\"lazy\" width=\"100%\" height=\"auto\" alt=\"\">\r\n                        <\/a>\r\n                        <div class=\"\">\r\n                                                        <div class=\"info-grid\">\r\n                                <div><span class=\"highlighted-article__category\">Familienurlaub<\/span><\/div>\r\n                                <div class=\"time\"><time datetime=\"Do..Aug..2024\" itemprop=\"datePublished\">08.08.2024<\/time><\/div>\r\n                            <\/div>\r\n                            <h3 class=\"title\"><a href=\"https:\/\/www.tui.at\/blog\/familienurlaub-kreta\/\">Ein unvergesslicher Familienurlaub im TUI KIDS CLUB Grecotel Marine Palace &#038; Aquapark auf Kreta<\/a><\/h3>\r\n                        <\/div>\r\n                    <\/div>\r\n\r\n                \r\n                                                                <div class=\"articles\">\r\n                                                <a href=\"https:\/\/www.tui.at\/blog\/familienurlaub_kos\/\" aria-label=\"Familienurlaub auf Kos samt Rettungsaktion\">\r\n                            <img decoding=\"async\" src=\"https:\/\/www.tui.at\/blog\/wp-content\/uploads\/2023\/01\/Titelbild-Zia-Village-330x220.jpg\" loading=\"lazy\" width=\"100%\" height=\"auto\" alt=\"\">\r\n                        <\/a>\r\n                        <div class=\"\">\r\n                                                        <div class=\"info-grid\">\r\n                                <div><span class=\"highlighted-article__category\">Familienurlaub<\/span><\/div>\r\n                                <div class=\"time\"><time datetime=\"Do..Jan..2023\" itemprop=\"datePublished\">26.01.2023<\/time><\/div>\r\n                            <\/div>\r\n                            <h3 class=\"title\"><a href=\"https:\/\/www.tui.at\/blog\/familienurlaub_kos\/\">Familienurlaub auf Kos samt Rettungsaktion<\/a><\/h3>\r\n                        <\/div>\r\n                    <\/div>\r\n\r\n                \r\n                                                                <div class=\"articles\">\r\n                                                <a href=\"https:\/\/www.tui.at\/blog\/kreuzfahrtalsfamilie\/\" aria-label=\"Mit der Familie auf Kreuzfahrt\">\r\n                            <img decoding=\"async\" src=\"https:\/\/www.tui.at\/blog\/wp-content\/uploads\/2023\/01\/Mein-Schiff-264x220.jpg\" loading=\"lazy\" width=\"100%\" height=\"auto\" alt=\"\">\r\n                        <\/a>\r\n                        <div class=\"\">\r\n                                                        <div class=\"info-grid\">\r\n                                <div><span class=\"highlighted-article__category\">Familienurlaub<\/span><\/div>\r\n                                <div class=\"time\"><time datetime=\"Do..Jan..2023\" itemprop=\"datePublished\">19.01.2023<\/time><\/div>\r\n                            <\/div>\r\n                            <h3 class=\"title\"><a href=\"https:\/\/www.tui.at\/blog\/kreuzfahrtalsfamilie\/\">Mit der Familie auf Kreuzfahrt<\/a><\/h3>\r\n                        <\/div>\r\n                    <\/div>\r\n\r\n                \r\n                                                                <div class=\"articles\">\r\n                                                <a href=\"https:\/\/www.tui.at\/blog\/familienurlaub_zypern\/\" aria-label=\"Familienurlaub auf Zypern\">\r\n                            <img decoding=\"async\" src=\"https:\/\/www.tui.at\/blog\/wp-content\/uploads\/2023\/01\/a2b8333a-28e4-4105-b97b-7c095a047ed5-293x220.jpg\" loading=\"lazy\" width=\"100%\" height=\"auto\" alt=\"\">\r\n                        <\/a>\r\n                        <div class=\"\">\r\n                                                        <div class=\"info-grid\">\r\n                                <div><span class=\"highlighted-article__category\">Familienurlaub<\/span><\/div>\r\n                                <div class=\"time\"><time datetime=\"Do..Jan..2023\" itemprop=\"datePublished\">05.01.2023<\/time><\/div>\r\n                            <\/div>\r\n                            <h3 class=\"title\"><a href=\"https:\/\/www.tui.at\/blog\/familienurlaub_zypern\/\">Familienurlaub auf Zypern<\/a><\/h3>\r\n                        <\/div>\r\n                    <\/div>\r\n\r\n                \r\n                                                                <div class=\"articles\">\r\n                                                <a href=\"https:\/\/www.tui.at\/blog\/dubai-urlaub-als-frischgebackene-familie\/\" aria-label=\"Dubai Urlaub als frischgebackene Familie\">\r\n                            <img decoding=\"async\" src=\"https:\/\/www.tui.at\/blog\/wp-content\/uploads\/2022\/12\/Anlage-Anantara-308x220.jpg\" loading=\"lazy\" width=\"100%\" height=\"auto\" alt=\"\">\r\n                        <\/a>\r\n                        <div class=\"\">\r\n                                                        <div class=\"info-grid\">\r\n                                <div><span class=\"highlighted-article__category\">Familienurlaub<\/span><\/div>\r\n                                <div class=\"time\"><time datetime=\"Mi..Dez..2022\" itemprop=\"datePublished\">07.12.2022<\/time><\/div>\r\n                            <\/div>\r\n                            <h3 class=\"title\"><a href=\"https:\/\/www.tui.at\/blog\/dubai-urlaub-als-frischgebackene-familie\/\">Dubai Urlaub als frischgebackene Familie<\/a><\/h3>\r\n                        <\/div>\r\n                    <\/div>\r\n\r\n                \r\n                                    \r\n        <\/div>\r\n    \r\n<\/section>\n<\/div><\/div>\n\n<div class=\"gb-container gb-container-e990a9b7\">\n<div class=\"gb-button-wrapper gb-button-wrapper-667eabda\">\n\n<a class=\"gb-button gb-button-47db0ba3 gb-button-text tui-btn\" href=\"\/blog\/archiv-familienurlaub\/page\/2\/\">Alle ansehen<\/a>\n\n<\/div>\n<\/div>","protected":false},"excerpt":{"rendered":"<p>Unsere Top Artikel<\/p>\n","protected":false},"author":160,"featured_media":491243,"parent":0,"menu_order":0,"comment_status":"closed","ping_status":"closed","template":"","meta":{"_acf_changed":false,"footnotes":""},"class_list":["post-491241","page","type-page","status-publish","has-post-thumbnail"],"acf":[],"yoast_head":"<!-- This site is optimized with the Yoast SEO plugin v27.4 - https:\/\/yoast.com\/product\/yoast-seo-wordpress\/ -->\n<title>Familienurlaub \u2013 Tipps &amp; Reiseideen - TUI.at Reiseblog<\/title>\n<meta name=\"description\" content=\"Entdecke auf dem TUI Blog Familienurlaub f\u00fcr Gross &amp; Klein: kinderfreundliche Reiseziele, Tipps &amp; Ideen f\u00fcr unvergessliche gemeinsame Erlebnisse!\" \/>\n<meta name=\"robots\" content=\"index, follow, max-snippet:-1, max-image-preview:large, max-video-preview:-1\" \/>\n<link rel=\"canonical\" href=\"https:\/\/www.tui.at\/blog\/familienurlaub\/\" \/>\n<meta property=\"og:locale\" content=\"de_DE\" \/>\n<meta property=\"og:type\" content=\"article\" \/>\n<meta property=\"og:title\" content=\"Familienurlaub \u2013 Tipps &amp; Reiseideen - TUI.at Reiseblog\" \/>\n<meta property=\"og:description\" content=\"Entdecke auf dem TUI Blog Familienurlaub f\u00fcr Gross &amp; Klein: kinderfreundliche Reiseziele, Tipps &amp; Ideen f\u00fcr unvergessliche gemeinsame Erlebnisse!\" \/>\n<meta property=\"og:url\" content=\"https:\/\/www.tui.at\/blog\/familienurlaub\/\" \/>\n<meta property=\"og:site_name\" content=\"TUI.at Reiseblog\" \/>\n<meta property=\"og:image\" content=\"https:\/\/www.tui.at\/blog\/wp-content\/uploads\/2025\/10\/Familienurlaub.jpeg\" \/>\n\t<meta property=\"og:image:width\" content=\"2387\" \/>\n\t<meta property=\"og:image:height\" content=\"1591\" \/>\n\t<meta property=\"og:image:type\" content=\"image\/jpeg\" \/>\n<meta name=\"twitter:card\" content=\"summary_large_image\" \/>\n<script type=\"application\/ld+json\" class=\"yoast-schema-graph\">{\"@context\":\"https:\\\/\\\/schema.org\",\"@graph\":[{\"@type\":\"WebPage\",\"@id\":\"https:\\\/\\\/www.tui.at\\\/blog\\\/familienurlaub\\\/\",\"url\":\"https:\\\/\\\/www.tui.at\\\/blog\\\/familienurlaub\\\/\",\"name\":\"Familienurlaub \u2013 Tipps & Reiseideen - TUI.at Reiseblog\",\"isPartOf\":{\"@id\":\"https:\\\/\\\/www.tui.at\\\/blog\\\/#website\"},\"primaryImageOfPage\":{\"@id\":\"https:\\\/\\\/www.tui.at\\\/blog\\\/familienurlaub\\\/#primaryimage\"},\"image\":{\"@id\":\"https:\\\/\\\/www.tui.at\\\/blog\\\/familienurlaub\\\/#primaryimage\"},\"thumbnailUrl\":\"https:\\\/\\\/www.tui.at\\\/blog\\\/wp-content\\\/uploads\\\/2025\\\/10\\\/Familienurlaub.jpeg\",\"datePublished\":\"2025-10-29T10:26:19+00:00\",\"description\":\"Entdecke auf dem TUI Blog Familienurlaub f\u00fcr Gross & Klein: kinderfreundliche Reiseziele, Tipps & Ideen f\u00fcr unvergessliche gemeinsame Erlebnisse!\",\"breadcrumb\":{\"@id\":\"https:\\\/\\\/www.tui.at\\\/blog\\\/familienurlaub\\\/#breadcrumb\"},\"inLanguage\":\"de\",\"potentialAction\":[{\"@type\":\"ReadAction\",\"target\":[\"https:\\\/\\\/www.tui.at\\\/blog\\\/familienurlaub\\\/\"]}]},{\"@type\":\"ImageObject\",\"inLanguage\":\"de\",\"@id\":\"https:\\\/\\\/www.tui.at\\\/blog\\\/familienurlaub\\\/#primaryimage\",\"url\":\"https:\\\/\\\/www.tui.at\\\/blog\\\/wp-content\\\/uploads\\\/2025\\\/10\\\/Familienurlaub.jpeg\",\"contentUrl\":\"https:\\\/\\\/www.tui.at\\\/blog\\\/wp-content\\\/uploads\\\/2025\\\/10\\\/Familienurlaub.jpeg\",\"width\":2387,\"height\":1591,\"caption\":\"SSUCv3H4sIAAAAAAAACnRSQW7DIBC8V+ofLM6xFOI4iXPsA6reqx7WsElQsIkAt6qi\\\/L0LmIRK7Y2dYWeGZa\\\/PT1XFenBKsH11DRXVSuvJeQtemZHg5WLGLY4SbYmgVN5YBboEe\\\/DiNMKABI6T1gG+RZI5D35y6ILZDAnweCSNBN4lUqL3VFeZiCR1EMXe0Fw0skXBuKkPzAv0QS4TyegflVcKZP9UefSnw0d+HxxxFN+PtAGSpkfnjTiXoYngy03D70pZgghpEQbnVZxS2fErCt8WzekQ08yzs6gR0jhnCTLMAqyLrcmTnb882qEcPExSmWLmn0aADheawuFilVDjsWgz\\\/hR3ILcJM43ehnHcozNtzAV6+px9dSBNzPgJnKPrMuOFkaCNM0PhMxofHzarMkl7EkrerNbthvNdw9tlt13z1Xwh7dZJkU6Mk4XityhZPl2FBKzd7UBw4HUHHOs1P2ANXbOtZQOrQ9dCw3eSRnj7AQAA\\\/\\\/8DAKCeAWslAwAA\"},{\"@type\":\"BreadcrumbList\",\"@id\":\"https:\\\/\\\/www.tui.at\\\/blog\\\/familienurlaub\\\/#breadcrumb\",\"itemListElement\":[{\"@type\":\"ListItem\",\"position\":1,\"name\":\"Startseite\",\"item\":\"https:\\\/\\\/www.tui.at\\\/blog\\\/\"},{\"@type\":\"ListItem\",\"position\":2,\"name\":\"Familienurlaub\"}]},{\"@type\":\"WebSite\",\"@id\":\"https:\\\/\\\/www.tui.at\\\/blog\\\/#website\",\"url\":\"https:\\\/\\\/www.tui.at\\\/blog\\\/\",\"name\":\"TUI.at Reiseblog\",\"description\":\"Inspirationen f\u00fcr den perfekten Urlaub\",\"publisher\":{\"@id\":\"https:\\\/\\\/www.tui.at\\\/blog\\\/#organization\"},\"potentialAction\":[{\"@type\":\"SearchAction\",\"target\":{\"@type\":\"EntryPoint\",\"urlTemplate\":\"https:\\\/\\\/www.tui.at\\\/blog\\\/?s={search_term_string}\"},\"query-input\":{\"@type\":\"PropertyValueSpecification\",\"valueRequired\":true,\"valueName\":\"search_term_string\"}}],\"inLanguage\":\"de\"},{\"@type\":\"Organization\",\"@id\":\"https:\\\/\\\/www.tui.at\\\/blog\\\/#organization\",\"name\":\"TUI.at Reiseblog\",\"url\":\"https:\\\/\\\/www.tui.at\\\/blog\\\/\",\"logo\":{\"@type\":\"ImageObject\",\"inLanguage\":\"de\",\"@id\":\"https:\\\/\\\/www.tui.at\\\/blog\\\/#\\\/schema\\\/logo\\\/image\\\/\",\"url\":\"https:\\\/\\\/www.tui.at\\\/blog\\\/wp-content\\\/uploads\\\/2025\\\/09\\\/cropped-tui-logo-3.webp\",\"contentUrl\":\"https:\\\/\\\/www.tui.at\\\/blog\\\/wp-content\\\/uploads\\\/2025\\\/09\\\/cropped-tui-logo-3.webp\",\"width\":164,\"height\":72,\"caption\":\"TUI.at Reiseblog\"},\"image\":{\"@id\":\"https:\\\/\\\/www.tui.at\\\/blog\\\/#\\\/schema\\\/logo\\\/image\\\/\"}}]}<\/script>\n<!-- \/ Yoast SEO plugin. -->","yoast_head_json":{"title":"Familienurlaub \u2013 Tipps & Reiseideen - TUI.at Reiseblog","description":"Entdecke auf dem TUI Blog Familienurlaub f\u00fcr Gross & Klein: kinderfreundliche Reiseziele, Tipps & Ideen f\u00fcr unvergessliche gemeinsame Erlebnisse!","robots":{"index":"index","follow":"follow","max-snippet":"max-snippet:-1","max-image-preview":"max-image-preview:large","max-video-preview":"max-video-preview:-1"},"canonical":"https:\/\/www.tui.at\/blog\/familienurlaub\/","og_locale":"de_DE","og_type":"article","og_title":"Familienurlaub \u2013 Tipps & Reiseideen - TUI.at Reiseblog","og_description":"Entdecke auf dem TUI Blog Familienurlaub f\u00fcr Gross & Klein: kinderfreundliche Reiseziele, Tipps & Ideen f\u00fcr unvergessliche gemeinsame Erlebnisse!","og_url":"https:\/\/www.tui.at\/blog\/familienurlaub\/","og_site_name":"TUI.at Reiseblog","og_image":[{"width":2387,"height":1591,"url":"https:\/\/www.tui.at\/blog\/wp-content\/uploads\/2025\/10\/Familienurlaub.jpeg","type":"image\/jpeg"}],"twitter_card":"summary_large_image","schema":{"@context":"https:\/\/schema.org","@graph":[{"@type":"WebPage","@id":"https:\/\/www.tui.at\/blog\/familienurlaub\/","url":"https:\/\/www.tui.at\/blog\/familienurlaub\/","name":"Familienurlaub \u2013 Tipps & Reiseideen - TUI.at Reiseblog","isPartOf":{"@id":"https:\/\/www.tui.at\/blog\/#website"},"primaryImageOfPage":{"@id":"https:\/\/www.tui.at\/blog\/familienurlaub\/#primaryimage"},"image":{"@id":"https:\/\/www.tui.at\/blog\/familienurlaub\/#primaryimage"},"thumbnailUrl":"https:\/\/www.tui.at\/blog\/wp-content\/uploads\/2025\/10\/Familienurlaub.jpeg","datePublished":"2025-10-29T10:26:19+00:00","description":"Entdecke auf dem TUI Blog Familienurlaub f\u00fcr Gross & Klein: kinderfreundliche Reiseziele, Tipps & Ideen f\u00fcr unvergessliche gemeinsame Erlebnisse!","breadcrumb":{"@id":"https:\/\/www.tui.at\/blog\/familienurlaub\/#breadcrumb"},"inLanguage":"de","potentialAction":[{"@type":"ReadAction","target":["https:\/\/www.tui.at\/blog\/familienurlaub\/"]}]},{"@type":"ImageObject","inLanguage":"de","@id":"https:\/\/www.tui.at\/blog\/familienurlaub\/#primaryimage","url":"https:\/\/www.tui.at\/blog\/wp-content\/uploads\/2025\/10\/Familienurlaub.jpeg","contentUrl":"https:\/\/www.tui.at\/blog\/wp-content\/uploads\/2025\/10\/Familienurlaub.jpeg","width":2387,"height":1591,"caption":"SSUCv3H4sIAAAAAAAACnRSQW7DIBC8V+ofLM6xFOI4iXPsA6reqx7WsElQsIkAt6qi\/L0LmIRK7Y2dYWeGZa\/PT1XFenBKsH11DRXVSuvJeQtemZHg5WLGLY4SbYmgVN5YBboEe\/DiNMKABI6T1gG+RZI5D35y6ILZDAnweCSNBN4lUqL3VFeZiCR1EMXe0Fw0skXBuKkPzAv0QS4TyegflVcKZP9UefSnw0d+HxxxFN+PtAGSpkfnjTiXoYngy03D70pZgghpEQbnVZxS2fErCt8WzekQ08yzs6gR0jhnCTLMAqyLrcmTnb882qEcPExSmWLmn0aADheawuFilVDjsWgz\/hR3ILcJM43ehnHcozNtzAV6+px9dSBNzPgJnKPrMuOFkaCNM0PhMxofHzarMkl7EkrerNbthvNdw9tlt13z1Xwh7dZJkU6Mk4XityhZPl2FBKzd7UBw4HUHHOs1P2ANXbOtZQOrQ9dCw3eSRnj7AQAA\/\/8DAKCeAWslAwAA"},{"@type":"BreadcrumbList","@id":"https:\/\/www.tui.at\/blog\/familienurlaub\/#breadcrumb","itemListElement":[{"@type":"ListItem","position":1,"name":"Startseite","item":"https:\/\/www.tui.at\/blog\/"},{"@type":"ListItem","position":2,"name":"Familienurlaub"}]},{"@type":"WebSite","@id":"https:\/\/www.tui.at\/blog\/#website","url":"https:\/\/www.tui.at\/blog\/","name":"TUI.at Reiseblog","description":"Inspirationen f\u00fcr den perfekten Urlaub","publisher":{"@id":"https:\/\/www.tui.at\/blog\/#organization"},"potentialAction":[{"@type":"SearchAction","target":{"@type":"EntryPoint","urlTemplate":"https:\/\/www.tui.at\/blog\/?s={search_term_string}"},"query-input":{"@type":"PropertyValueSpecification","valueRequired":true,"valueName":"search_term_string"}}],"inLanguage":"de"},{"@type":"Organization","@id":"https:\/\/www.tui.at\/blog\/#organization","name":"TUI.at Reiseblog","url":"https:\/\/www.tui.at\/blog\/","logo":{"@type":"ImageObject","inLanguage":"de","@id":"https:\/\/www.tui.at\/blog\/#\/schema\/logo\/image\/","url":"https:\/\/www.tui.at\/blog\/wp-content\/uploads\/2025\/09\/cropped-tui-logo-3.webp","contentUrl":"https:\/\/www.tui.at\/blog\/wp-content\/uploads\/2025\/09\/cropped-tui-logo-3.webp","width":164,"height":72,"caption":"TUI.at Reiseblog"},"image":{"@id":"https:\/\/www.tui.at\/blog\/#\/schema\/logo\/image\/"}}]}},"_links":{"self":[{"href":"https:\/\/www.tui.at\/blog\/wp-json\/wp\/v2\/pages\/491241","targetHints":{"allow":["GET"]}}],"collection":[{"href":"https:\/\/www.tui.at\/blog\/wp-json\/wp\/v2\/pages"}],"about":[{"href":"https:\/\/www.tui.at\/blog\/wp-json\/wp\/v2\/types\/page"}],"author":[{"embeddable":true,"href":"https:\/\/www.tui.at\/blog\/wp-json\/wp\/v2\/users\/160"}],"replies":[{"embeddable":true,"href":"https:\/\/www.tui.at\/blog\/wp-json\/wp\/v2\/comments?post=491241"}],"version-history":[{"count":3,"href":"https:\/\/www.tui.at\/blog\/wp-json\/wp\/v2\/pages\/491241\/revisions"}],"predecessor-version":[{"id":491251,"href":"https:\/\/www.tui.at\/blog\/wp-json\/wp\/v2\/pages\/491241\/revisions\/491251"}],"wp:featuredmedia":[{"embeddable":true,"href":"https:\/\/www.tui.at\/blog\/wp-json\/wp\/v2\/media\/491243"}],"wp:attachment":[{"href":"https:\/\/www.tui.at\/blog\/wp-json\/wp\/v2\/media?parent=491241"}],"curies":[{"name":"wp","href":"https:\/\/api.w.org\/{rel}","templated":true}]}}