{"id":468684,"date":"2025-05-14T15:04:10","date_gmt":"2025-05-14T13:04:10","guid":{"rendered":"https:\/\/blog.tui.info\/?page_id=425528"},"modified":"2025-10-29T11:11:14","modified_gmt":"2025-10-29T10:11:14","slug":"urlaub-am-meer","status":"publish","type":"page","link":"https:\/\/www.tui.at\/blog\/urlaub-am-meer\/","title":{"rendered":"Urlaub am Meer"},"content":{"rendered":"<div class=\"gb-container gb-container-af47a24d\"><div class=\"gb-inside-container\">\n<div class=\"gb-container gb-container-5c7c3cd9\"><div class=\"gb-inside-container\">\n<div class=\"gb-grid-wrapper gb-grid-wrapper-4674d008\">\n<div class=\"gb-grid-column gb-grid-column-e5cdbe06\"><div class=\"gb-container gb-container-e5cdbe06\">\n\n<p class=\"gb-headline gb-headline-3528e644 gb-headline-text\"><strong>Meer erleben \u2013 Strandurlaub von A bis Z&nbsp;<\/strong><\/p>\n\n\n\n<p class=\"has-text-align-center\"><strong><br><\/strong>Wellenrauschen, Sand zwischen den Zehen und salzige Meeresluft \u2013 Urlaub am Meer ist wie Balsam f\u00fcr die Seele. Ob entspannte Strandtage, actionreiche Wassersportmomente oder romantische Sonnenunterg\u00e4nge \u2013 hier findest du alles, was das Urlaubsherz begehrt. In unserer Kategorie \u201eUrlaub am Meer\u201c erwarten dich inspirierende Tipps zu Traumstr\u00e4nden, Strandhotels und Aktivit\u00e4ten am Wasser. Bereit f\u00fcr Meer? Dann nichts wie los!&nbsp;<\/p>\n\n<\/div><\/div>\n\n<div class=\"gb-grid-column gb-grid-column-d380042d\"><div class=\"gb-container gb-container-d380042d\">\n<div class=\"wp-block-image\">\n<figure class=\"aligncenter size-full is-resized\"><img loading=\"lazy\" decoding=\"async\" width=\"1781\" height=\"1781\" src=\"https:\/\/www.tui.at\/blog\/wp-content\/uploads\/2025\/10\/icon-beach.png\" alt=\"\" class=\"wp-image-491227\" style=\"width:115px\" srcset=\"https:\/\/www.tui.at\/blog\/wp-content\/uploads\/2025\/10\/icon-beach.png 1781w, https:\/\/www.tui.at\/blog\/wp-content\/uploads\/2025\/10\/icon-beach-444x444.png 444w, https:\/\/www.tui.at\/blog\/wp-content\/uploads\/2025\/10\/icon-beach-563x563.png 563w, https:\/\/www.tui.at\/blog\/wp-content\/uploads\/2025\/10\/icon-beach-768x768.png 768w, https:\/\/www.tui.at\/blog\/wp-content\/uploads\/2025\/10\/icon-beach-1536x1536.png 1536w, https:\/\/www.tui.at\/blog\/wp-content\/uploads\/2025\/10\/icon-beach-220x220.png 220w, https:\/\/www.tui.at\/blog\/wp-content\/uploads\/2025\/10\/icon-beach-24x24.png 24w, https:\/\/www.tui.at\/blog\/wp-content\/uploads\/2025\/10\/icon-beach-48x48.png 48w, https:\/\/www.tui.at\/blog\/wp-content\/uploads\/2025\/10\/icon-beach-96x96.png 96w, https:\/\/www.tui.at\/blog\/wp-content\/uploads\/2025\/10\/icon-beach-150x150.png 150w, https:\/\/www.tui.at\/blog\/wp-content\/uploads\/2025\/10\/icon-beach-300x300.png 300w\" sizes=\"auto, (max-width: 1781px) 100vw, 1781px\" \/><\/figure>\n<\/div>\n<\/div><\/div>\n<\/div>\n<\/div><\/div>\n<\/div><\/div>\n\n<div class=\"gb-container gb-container-86c519b2\">\n\n<h2 class=\"gb-headline gb-headline-dc039d34 gb-headline-text\">Unsere Top Artikel<\/h2>\n\n\n    <div class=\"toparticle-item toparticle-block\">\r\n        <div class=\"row\">\r\n                            <article class=\"toparticle\" style=\"background-image: url('https:\/\/www.tui.at\/blog\/wp-content\/uploads\/2024\/10\/AdobeStock_507811661-e1728381289298.jpeg')\" role=\"img\" aria-label=\"Malediven im Winter\">\r\n                    <a href=\"https:\/\/www.tui.at\/blog\/malediven-im-winter\/\" target=\"https:\/\/www.tui.at\/blog\/malediven-im-winter\/\" class=\"toparticle-gradient\" aria-label=\"Top Article Link\"><\/a>\r\n                                            <div class=\"toparticle-panel \">\r\n                            <p class=\"toparticle-title\">Malediven im Winter<\/p>\r\n                            <p class=\"toparticle-subtitle\">Die besten Str\u00e4nde, Hotels &#038; Sehensw\u00fcrdigkeiten auf einen Blick  <\/p>                        <\/div>\r\n                                    <\/article>\r\n                            <article class=\"toparticle\" style=\"background-image: url('https:\/\/www.tui.at\/blog\/wp-content\/uploads\/2025\/06\/TUI_Kalabrien-30.jpg')\" role=\"img\" aria-label=\"Kalabrien\">\r\n                    <a href=\"https:\/\/www.tui.at\/blog\/sommerurlaub-kalabrien\/\" target=\"https:\/\/www.tui.at\/blog\/sommerurlaub-kalabrien\/\" class=\"toparticle-gradient\" aria-label=\"Top Article Link\"><\/a>\r\n                                            <div class=\"toparticle-panel \">\r\n                            <p class=\"toparticle-title\">Kalabrien<\/p>\r\n                            <p class=\"toparticle-subtitle\">Italiens unentdecktes Juwel am Tyrrhenischen Meer  <\/p>                        <\/div>\r\n                                    <\/article>\r\n                    <\/div>\r\n    <\/div>\r\n\n<\/div>\n\n<div class=\"gb-container gb-container-0471e53d\"><div class=\"gb-inside-container\">\n<section class=\"article-block container\">\r\n\r\n    <h2>Unsere neusten Urlaub am Meer-Artikel<\/h2>\r\n            <div class=\"highlighted-article\" id=\"\">\r\n            \r\n                                            \r\n\r\n                    <article class=\"highlighted-article--container\">\r\n                        <div class=\"highlighted-article__grid\">\r\n                            <a href=\"https:\/\/www.tui.at\/blog\/nordthailand-erleben\/\" class=\"teaser\" style=\"background-image:url('https:\/\/www.tui.at\/blog\/wp-content\/uploads\/2026\/02\/Header_thailand.png');\" aria-label=\"Thailand neu entdecken: Eine Reise durch Naturwunder, Kulturhighlights und magische Bergwelten\"><\/a>\r\n                            <div class=\"highlighted-article__content\">\r\n                                                                                                    <span class=\"highlighted-article__category\">Urlaub am Meer<\/span>\r\n                                                                <h3 class=\"title\"><a href=\"https:\/\/www.tui.at\/blog\/nordthailand-erleben\/\">Thailand neu entdecken: Eine Reise durch Naturwunder, Kulturhighlights und magische Bergwelten<\/a><\/h3>\r\n                                <time datetime=\"Di..Feb..2026\" itemprop=\"datePublished\">24.02.2026<\/time>\r\n                                <p class=\"excerpt\">Nordthailand zeigt sich 2026 von seiner sch\u00f6nsten Seite: wild, urspr\u00fcnglich und voller Orte, die Geschichten aus l\u00e4ngst vergangenen K\u00f6nigreichen erz\u00e4hlen. Wir verraten dir unsere Geheimtipps. <span class=\"read-more\"><a href=\"https:\/\/www.tui.at\/blog\/nordthailand-erleben\/\">Weiterlesen<\/a><\/span><\/p>\r\n                            <\/div>\r\n                        <\/div>\r\n\r\n                    <\/article>\r\n\r\n                \r\n                                                                <div class=\"articles\">\r\n                                                <a href=\"https:\/\/www.tui.at\/blog\/winter-fuerteventura\/\" aria-label=\"Wintersonne auf Fuerteventura: Entspannung, Bewegung und Genuss im ROBINSON Jandia Playa\">\r\n                            <img decoding=\"async\" src=\"https:\/\/www.tui.at\/blog\/wp-content\/uploads\/2025\/12\/IMG_7735-1-293x220.jpeg\" loading=\"lazy\" width=\"100%\" height=\"auto\" alt=\"K\u00fcste von Fuerteventura | Alexandra Maly\">\r\n                        <\/a>\r\n                        <div class=\"\">\r\n                                                        <div class=\"info-grid\">\r\n                                <div><span class=\"highlighted-article__category\">Urlaub am Meer<\/span><\/div>\r\n                                <div class=\"time\"><time datetime=\"Fr..Dez..2025\" itemprop=\"datePublished\">05.12.2025<\/time><\/div>\r\n                            <\/div>\r\n                            <h3 class=\"title\"><a href=\"https:\/\/www.tui.at\/blog\/winter-fuerteventura\/\">Wintersonne auf Fuerteventura: Entspannung, Bewegung und Genuss im ROBINSON Jandia Playa<\/a><\/h3>\r\n                        <\/div>\r\n                    <\/div>\r\n\r\n                \r\n                                                                <div class=\"articles\">\r\n                                                <a href=\"https:\/\/www.tui.at\/blog\/sommerurlaub-kalabrien\/\" aria-label=\"Kalabrien: Italiens unentdecktes Juwel am Tyrrhenischen Meer\">\r\n                            <img decoding=\"async\" src=\"https:\/\/www.tui.at\/blog\/wp-content\/uploads\/2025\/06\/TUI_Kalabrien-30-293x220.jpg\" loading=\"lazy\" width=\"100%\" height=\"auto\" alt=\"\">\r\n                        <\/a>\r\n                        <div class=\"\">\r\n                                                        <div class=\"info-grid\">\r\n                                <div><span class=\"highlighted-article__category\">Urlaub am Meer<\/span><\/div>\r\n                                <div class=\"time\"><time datetime=\"Mo..Juni.2025\" itemprop=\"datePublished\">16.06.2025<\/time><\/div>\r\n                            <\/div>\r\n                            <h3 class=\"title\"><a href=\"https:\/\/www.tui.at\/blog\/sommerurlaub-kalabrien\/\">Kalabrien: Italiens unentdecktes Juwel am Tyrrhenischen Meer<\/a><\/h3>\r\n                        <\/div>\r\n                    <\/div>\r\n\r\n                \r\n                                                                <div class=\"articles\">\r\n                                                <a href=\"https:\/\/www.tui.at\/blog\/malediven-im-winter\/\" aria-label=\"Malediven im Winter: Die besten Str\u00e4nde, Hotels &#038; Sehensw\u00fcrdigkeiten auf einen Blick\">\r\n                            <img decoding=\"async\" src=\"https:\/\/www.tui.at\/blog\/wp-content\/uploads\/2024\/10\/AdobeStock_507811661-e1728381289298-327x220.jpeg\" loading=\"lazy\" width=\"100%\" height=\"auto\" alt=\"\">\r\n                        <\/a>\r\n                        <div class=\"\">\r\n                                                        <div class=\"info-grid\">\r\n                                <div><span class=\"highlighted-article__category\">Urlaub am Meer<\/span><\/div>\r\n                                <div class=\"time\"><time datetime=\"Do..Okt..2024\" itemprop=\"datePublished\">17.10.2024<\/time><\/div>\r\n                            <\/div>\r\n                            <h3 class=\"title\"><a href=\"https:\/\/www.tui.at\/blog\/malediven-im-winter\/\">Malediven im Winter: Die besten Str\u00e4nde, Hotels &#038; Sehensw\u00fcrdigkeiten auf einen Blick<\/a><\/h3>\r\n                        <\/div>\r\n                    <\/div>\r\n\r\n                \r\n                                                                <div class=\"articles\">\r\n                                                <a href=\"https:\/\/www.tui.at\/blog\/mexiko-entdecken\/\" aria-label=\"Viva la Mexiko! Ein Land voller Vielfalt\">\r\n                            <img decoding=\"async\" src=\"https:\/\/www.tui.at\/blog\/wp-content\/uploads\/2025\/10\/Tulum3-Header-330x220.jpg\" loading=\"lazy\" width=\"100%\" height=\"auto\" alt=\"\">\r\n                        <\/a>\r\n                        <div class=\"\">\r\n                                                        <div class=\"info-grid\">\r\n                                <div><span class=\"highlighted-article__category\">Urlaub am Meer<\/span><\/div>\r\n                                <div class=\"time\"><time datetime=\"Mo..Sep..2024\" itemprop=\"datePublished\">30.09.2024<\/time><\/div>\r\n                            <\/div>\r\n                            <h3 class=\"title\"><a href=\"https:\/\/www.tui.at\/blog\/mexiko-entdecken\/\">Viva la Mexiko! Ein Land voller Vielfalt<\/a><\/h3>\r\n                        <\/div>\r\n                    <\/div>\r\n\r\n                \r\n                                                                <div class=\"articles\">\r\n                                                <a href=\"https:\/\/www.tui.at\/blog\/herbsturlaub-tuerkei\/\" aria-label=\"Herbsturlaub in der T\u00fcrkei &#8211; Die perfekte Auszeit an der T\u00fcrkischen Riviera\">\r\n                            <img decoding=\"async\" src=\"https:\/\/www.tui.at\/blog\/wp-content\/uploads\/2024\/09\/807e8733-54fe-452a-b0cd-719fb8744354-1-390x195.jpg\" loading=\"lazy\" width=\"100%\" height=\"auto\" alt=\"\">\r\n                        <\/a>\r\n                        <div class=\"\">\r\n                                                        <div class=\"info-grid\">\r\n                                <div><span class=\"highlighted-article__category\">Urlaub am Meer<\/span><\/div>\r\n                                <div class=\"time\"><time datetime=\"Do..Sep..2024\" itemprop=\"datePublished\">05.09.2024<\/time><\/div>\r\n                            <\/div>\r\n                            <h3 class=\"title\"><a href=\"https:\/\/www.tui.at\/blog\/herbsturlaub-tuerkei\/\">Herbsturlaub in der T\u00fcrkei &#8211; Die perfekte Auszeit an der T\u00fcrkischen Riviera<\/a><\/h3>\r\n                        <\/div>\r\n                    <\/div>\r\n\r\n                \r\n                                                                <div class=\"articles\">\r\n                                                <a href=\"https:\/\/www.tui.at\/blog\/last-minute-aegypten\/\" aria-label=\"Traumdestination \u00c4gypten: Die 6 sehenswertesten Orte &#038; wichtige Reisetipps\">\r\n                            <img decoding=\"async\" src=\"https:\/\/www.tui.at\/blog\/wp-content\/uploads\/2024\/07\/AdobeStock_561503532-390x166.jpeg\" loading=\"lazy\" width=\"100%\" height=\"auto\" alt=\"\">\r\n                        <\/a>\r\n                        <div class=\"\">\r\n                                                        <div class=\"info-grid\">\r\n                                <div><span class=\"highlighted-article__category\">Urlaub am Meer<\/span><\/div>\r\n                                <div class=\"time\"><time datetime=\"Mi..Juli.2024\" itemprop=\"datePublished\">31.07.2024<\/time><\/div>\r\n                            <\/div>\r\n                            <h3 class=\"title\"><a href=\"https:\/\/www.tui.at\/blog\/last-minute-aegypten\/\">Traumdestination \u00c4gypten: Die 6 sehenswertesten Orte &#038; wichtige Reisetipps<\/a><\/h3>\r\n                        <\/div>\r\n                    <\/div>\r\n\r\n                \r\n                                    \r\n        <\/div>\r\n    \r\n<\/section>\n<\/div><\/div>\n\n<div class=\"gb-container gb-container-e990a9b7\">\n<div class=\"gb-button-wrapper gb-button-wrapper-667eabda\">\n\n<a class=\"gb-button gb-button-47db0ba3 gb-button-text tui-btn\" href=\"\/blog\/archiv-urlaub-am-meer\/page\/2\/\">Alle ansehen<\/a>\n\n<\/div>\n<\/div>","protected":false},"excerpt":{"rendered":"<p>Unsere Top Artikel<\/p>\n","protected":false},"author":160,"featured_media":491223,"parent":0,"menu_order":0,"comment_status":"closed","ping_status":"closed","template":"","meta":{"_acf_changed":false,"footnotes":""},"class_list":["post-468684","page","type-page","status-publish","has-post-thumbnail"],"acf":[],"yoast_head":"<!-- This site is optimized with the Yoast SEO plugin v27.4 - https:\/\/yoast.com\/product\/yoast-seo-wordpress\/ -->\n<title>Urlaub am Meer \u2013 Traumstr\u00e4nde &amp; Tipps - TUI.at Reiseblog<\/title>\n<meta name=\"description\" content=\"Entdecke auf dem TUI Blog alles rund um Urlaub am Meer: Traumstr\u00e4nde, Strandhotels &amp; Aktivit\u00e4ten am Wasser \u2013 Inspiration f\u00fcr Sonne, Wellen &amp; Erholung\" \/>\n<meta name=\"robots\" content=\"index, follow, max-snippet:-1, max-image-preview:large, max-video-preview:-1\" \/>\n<link rel=\"canonical\" href=\"https:\/\/www.tui.at\/blog\/urlaub-am-meer\/\" \/>\n<meta property=\"og:locale\" content=\"de_DE\" \/>\n<meta property=\"og:type\" content=\"article\" \/>\n<meta property=\"og:title\" content=\"Urlaub am Meer \u2013 Traumstr\u00e4nde &amp; Tipps - TUI.at Reiseblog\" \/>\n<meta property=\"og:description\" content=\"Entdecke auf dem TUI Blog alles rund um Urlaub am Meer: Traumstr\u00e4nde, Strandhotels &amp; Aktivit\u00e4ten am Wasser \u2013 Inspiration f\u00fcr Sonne, Wellen &amp; Erholung\" \/>\n<meta property=\"og:url\" content=\"https:\/\/www.tui.at\/blog\/urlaub-am-meer\/\" \/>\n<meta property=\"og:site_name\" content=\"TUI.at Reiseblog\" \/>\n<meta property=\"article:modified_time\" content=\"2025-10-29T10:11:14+00:00\" \/>\n<meta property=\"og:image\" content=\"https:\/\/www.tui.at\/blog\/wp-content\/uploads\/2025\/10\/Urlaub-am-Meer.jpeg\" \/>\n\t<meta property=\"og:image:width\" content=\"2064\" \/>\n\t<meta property=\"og:image:height\" content=\"1376\" \/>\n\t<meta property=\"og:image:type\" content=\"image\/jpeg\" \/>\n<meta name=\"twitter:card\" content=\"summary_large_image\" \/>\n<script type=\"application\/ld+json\" class=\"yoast-schema-graph\">{\"@context\":\"https:\\\/\\\/schema.org\",\"@graph\":[{\"@type\":\"WebPage\",\"@id\":\"https:\\\/\\\/www.tui.at\\\/blog\\\/urlaub-am-meer\\\/\",\"url\":\"https:\\\/\\\/www.tui.at\\\/blog\\\/urlaub-am-meer\\\/\",\"name\":\"Urlaub am Meer \u2013 Traumstr\u00e4nde & Tipps - TUI.at Reiseblog\",\"isPartOf\":{\"@id\":\"https:\\\/\\\/www.tui.at\\\/blog\\\/#website\"},\"primaryImageOfPage\":{\"@id\":\"https:\\\/\\\/www.tui.at\\\/blog\\\/urlaub-am-meer\\\/#primaryimage\"},\"image\":{\"@id\":\"https:\\\/\\\/www.tui.at\\\/blog\\\/urlaub-am-meer\\\/#primaryimage\"},\"thumbnailUrl\":\"https:\\\/\\\/www.tui.at\\\/blog\\\/wp-content\\\/uploads\\\/2025\\\/10\\\/Urlaub-am-Meer.jpeg\",\"datePublished\":\"2025-05-14T13:04:10+00:00\",\"dateModified\":\"2025-10-29T10:11:14+00:00\",\"description\":\"Entdecke auf dem TUI Blog alles rund um Urlaub am Meer: Traumstr\u00e4nde, Strandhotels & Aktivit\u00e4ten am Wasser \u2013 Inspiration f\u00fcr Sonne, Wellen & Erholung\",\"breadcrumb\":{\"@id\":\"https:\\\/\\\/www.tui.at\\\/blog\\\/urlaub-am-meer\\\/#breadcrumb\"},\"inLanguage\":\"de\",\"potentialAction\":[{\"@type\":\"ReadAction\",\"target\":[\"https:\\\/\\\/www.tui.at\\\/blog\\\/urlaub-am-meer\\\/\"]}]},{\"@type\":\"ImageObject\",\"inLanguage\":\"de\",\"@id\":\"https:\\\/\\\/www.tui.at\\\/blog\\\/urlaub-am-meer\\\/#primaryimage\",\"url\":\"https:\\\/\\\/www.tui.at\\\/blog\\\/wp-content\\\/uploads\\\/2025\\\/10\\\/Urlaub-am-Meer.jpeg\",\"contentUrl\":\"https:\\\/\\\/www.tui.at\\\/blog\\\/wp-content\\\/uploads\\\/2025\\\/10\\\/Urlaub-am-Meer.jpeg\",\"width\":2064,\"height\":1376},{\"@type\":\"BreadcrumbList\",\"@id\":\"https:\\\/\\\/www.tui.at\\\/blog\\\/urlaub-am-meer\\\/#breadcrumb\",\"itemListElement\":[{\"@type\":\"ListItem\",\"position\":1,\"name\":\"Startseite\",\"item\":\"https:\\\/\\\/www.tui.at\\\/blog\\\/\"},{\"@type\":\"ListItem\",\"position\":2,\"name\":\"Urlaub am Meer\"}]},{\"@type\":\"WebSite\",\"@id\":\"https:\\\/\\\/www.tui.at\\\/blog\\\/#website\",\"url\":\"https:\\\/\\\/www.tui.at\\\/blog\\\/\",\"name\":\"TUI.at Reiseblog\",\"description\":\"Inspirationen f\u00fcr den perfekten Urlaub\",\"publisher\":{\"@id\":\"https:\\\/\\\/www.tui.at\\\/blog\\\/#organization\"},\"potentialAction\":[{\"@type\":\"SearchAction\",\"target\":{\"@type\":\"EntryPoint\",\"urlTemplate\":\"https:\\\/\\\/www.tui.at\\\/blog\\\/?s={search_term_string}\"},\"query-input\":{\"@type\":\"PropertyValueSpecification\",\"valueRequired\":true,\"valueName\":\"search_term_string\"}}],\"inLanguage\":\"de\"},{\"@type\":\"Organization\",\"@id\":\"https:\\\/\\\/www.tui.at\\\/blog\\\/#organization\",\"name\":\"TUI.at Reiseblog\",\"url\":\"https:\\\/\\\/www.tui.at\\\/blog\\\/\",\"logo\":{\"@type\":\"ImageObject\",\"inLanguage\":\"de\",\"@id\":\"https:\\\/\\\/www.tui.at\\\/blog\\\/#\\\/schema\\\/logo\\\/image\\\/\",\"url\":\"https:\\\/\\\/www.tui.at\\\/blog\\\/wp-content\\\/uploads\\\/2025\\\/09\\\/cropped-tui-logo-3.webp\",\"contentUrl\":\"https:\\\/\\\/www.tui.at\\\/blog\\\/wp-content\\\/uploads\\\/2025\\\/09\\\/cropped-tui-logo-3.webp\",\"width\":164,\"height\":72,\"caption\":\"TUI.at Reiseblog\"},\"image\":{\"@id\":\"https:\\\/\\\/www.tui.at\\\/blog\\\/#\\\/schema\\\/logo\\\/image\\\/\"}}]}<\/script>\n<!-- \/ Yoast SEO plugin. -->","yoast_head_json":{"title":"Urlaub am Meer \u2013 Traumstr\u00e4nde & Tipps - TUI.at Reiseblog","description":"Entdecke auf dem TUI Blog alles rund um Urlaub am Meer: Traumstr\u00e4nde, Strandhotels & Aktivit\u00e4ten am Wasser \u2013 Inspiration f\u00fcr Sonne, Wellen & Erholung","robots":{"index":"index","follow":"follow","max-snippet":"max-snippet:-1","max-image-preview":"max-image-preview:large","max-video-preview":"max-video-preview:-1"},"canonical":"https:\/\/www.tui.at\/blog\/urlaub-am-meer\/","og_locale":"de_DE","og_type":"article","og_title":"Urlaub am Meer \u2013 Traumstr\u00e4nde & Tipps - TUI.at Reiseblog","og_description":"Entdecke auf dem TUI Blog alles rund um Urlaub am Meer: Traumstr\u00e4nde, Strandhotels & Aktivit\u00e4ten am Wasser \u2013 Inspiration f\u00fcr Sonne, Wellen & Erholung","og_url":"https:\/\/www.tui.at\/blog\/urlaub-am-meer\/","og_site_name":"TUI.at Reiseblog","article_modified_time":"2025-10-29T10:11:14+00:00","og_image":[{"width":2064,"height":1376,"url":"https:\/\/www.tui.at\/blog\/wp-content\/uploads\/2025\/10\/Urlaub-am-Meer.jpeg","type":"image\/jpeg"}],"twitter_card":"summary_large_image","schema":{"@context":"https:\/\/schema.org","@graph":[{"@type":"WebPage","@id":"https:\/\/www.tui.at\/blog\/urlaub-am-meer\/","url":"https:\/\/www.tui.at\/blog\/urlaub-am-meer\/","name":"Urlaub am Meer \u2013 Traumstr\u00e4nde & Tipps - TUI.at Reiseblog","isPartOf":{"@id":"https:\/\/www.tui.at\/blog\/#website"},"primaryImageOfPage":{"@id":"https:\/\/www.tui.at\/blog\/urlaub-am-meer\/#primaryimage"},"image":{"@id":"https:\/\/www.tui.at\/blog\/urlaub-am-meer\/#primaryimage"},"thumbnailUrl":"https:\/\/www.tui.at\/blog\/wp-content\/uploads\/2025\/10\/Urlaub-am-Meer.jpeg","datePublished":"2025-05-14T13:04:10+00:00","dateModified":"2025-10-29T10:11:14+00:00","description":"Entdecke auf dem TUI Blog alles rund um Urlaub am Meer: Traumstr\u00e4nde, Strandhotels & Aktivit\u00e4ten am Wasser \u2013 Inspiration f\u00fcr Sonne, Wellen & Erholung","breadcrumb":{"@id":"https:\/\/www.tui.at\/blog\/urlaub-am-meer\/#breadcrumb"},"inLanguage":"de","potentialAction":[{"@type":"ReadAction","target":["https:\/\/www.tui.at\/blog\/urlaub-am-meer\/"]}]},{"@type":"ImageObject","inLanguage":"de","@id":"https:\/\/www.tui.at\/blog\/urlaub-am-meer\/#primaryimage","url":"https:\/\/www.tui.at\/blog\/wp-content\/uploads\/2025\/10\/Urlaub-am-Meer.jpeg","contentUrl":"https:\/\/www.tui.at\/blog\/wp-content\/uploads\/2025\/10\/Urlaub-am-Meer.jpeg","width":2064,"height":1376},{"@type":"BreadcrumbList","@id":"https:\/\/www.tui.at\/blog\/urlaub-am-meer\/#breadcrumb","itemListElement":[{"@type":"ListItem","position":1,"name":"Startseite","item":"https:\/\/www.tui.at\/blog\/"},{"@type":"ListItem","position":2,"name":"Urlaub am Meer"}]},{"@type":"WebSite","@id":"https:\/\/www.tui.at\/blog\/#website","url":"https:\/\/www.tui.at\/blog\/","name":"TUI.at Reiseblog","description":"Inspirationen f\u00fcr den perfekten Urlaub","publisher":{"@id":"https:\/\/www.tui.at\/blog\/#organization"},"potentialAction":[{"@type":"SearchAction","target":{"@type":"EntryPoint","urlTemplate":"https:\/\/www.tui.at\/blog\/?s={search_term_string}"},"query-input":{"@type":"PropertyValueSpecification","valueRequired":true,"valueName":"search_term_string"}}],"inLanguage":"de"},{"@type":"Organization","@id":"https:\/\/www.tui.at\/blog\/#organization","name":"TUI.at Reiseblog","url":"https:\/\/www.tui.at\/blog\/","logo":{"@type":"ImageObject","inLanguage":"de","@id":"https:\/\/www.tui.at\/blog\/#\/schema\/logo\/image\/","url":"https:\/\/www.tui.at\/blog\/wp-content\/uploads\/2025\/09\/cropped-tui-logo-3.webp","contentUrl":"https:\/\/www.tui.at\/blog\/wp-content\/uploads\/2025\/09\/cropped-tui-logo-3.webp","width":164,"height":72,"caption":"TUI.at Reiseblog"},"image":{"@id":"https:\/\/www.tui.at\/blog\/#\/schema\/logo\/image\/"}}]}},"_links":{"self":[{"href":"https:\/\/www.tui.at\/blog\/wp-json\/wp\/v2\/pages\/468684","targetHints":{"allow":["GET"]}}],"collection":[{"href":"https:\/\/www.tui.at\/blog\/wp-json\/wp\/v2\/pages"}],"about":[{"href":"https:\/\/www.tui.at\/blog\/wp-json\/wp\/v2\/types\/page"}],"author":[{"embeddable":true,"href":"https:\/\/www.tui.at\/blog\/wp-json\/wp\/v2\/users\/160"}],"replies":[{"embeddable":true,"href":"https:\/\/www.tui.at\/blog\/wp-json\/wp\/v2\/comments?post=468684"}],"version-history":[{"count":5,"href":"https:\/\/www.tui.at\/blog\/wp-json\/wp\/v2\/pages\/468684\/revisions"}],"predecessor-version":[{"id":491237,"href":"https:\/\/www.tui.at\/blog\/wp-json\/wp\/v2\/pages\/468684\/revisions\/491237"}],"wp:featuredmedia":[{"embeddable":true,"href":"https:\/\/www.tui.at\/blog\/wp-json\/wp\/v2\/media\/491223"}],"wp:attachment":[{"href":"https:\/\/www.tui.at\/blog\/wp-json\/wp\/v2\/media?parent=468684"}],"curies":[{"name":"wp","href":"https:\/\/api.w.org\/{rel}","templated":true}]}}