{"id":2,"date":"2012-07-09T08:17:58","date_gmt":"2012-07-09T06:17:58","guid":{"rendered":"http:\/\/test-blog.com.tui.plusline.net\/tuiblog\/?page_id=2"},"modified":"2025-10-29T15:24:26","modified_gmt":"2025-10-29T14:24:26","slug":"ueber-den-blog","status":"publish","type":"page","link":"https:\/\/www.tui.at\/blog\/ueber-den-blog\/","title":{"rendered":"\u00dcber den Blog"},"content":{"rendered":"<div class=\"gb-container gb-container-b0d07eb7\"><div class=\"gb-inside-container\">\n\n<p class=\"has-text-align-left has-large-font-size\"><strong>Der TUI.at Reiseblog<\/strong><\/p>\n\n\n\n<p class=\"has-text-align-left\">Urlaub ist die sch\u00f6nste Zeit des Jahres \u2013 und hier beginnt die Vorfreude! Ob du von Sonne, Strand und Meer tr\u00e4umst, einen St\u00e4dtetrip planst oder auf der Suche nach au\u00dfergew\u00f6hnlichen Reiseideen bist: Unser Reiseblog ist deine Inspirationsquelle.&nbsp;<\/p>\n\n\n\n<p>Unsere Autor:innen, Blogger:innen und Reiseexpert:innen teilen pers\u00f6nliche Erfahrungen, spannende Trends und praktische Tipps rund ums Reisen. Von Geheimtipps \u00fcber kulinarische Highlights bis hin zu den besten Packlisten \u2013 hier findest du alles, was deinen n\u00e4chsten Urlaub besonders macht.&nbsp;<\/p>\n\n\n\n<p>Lass dich von neuen Perspektiven \u00fcberraschen, entdecke au\u00dfergew\u00f6hnliche Reiseziele und erhalte echte Insider-Tipps.&nbsp;&nbsp;<\/p>\n\n\n\n<p>Du hast selbst tolle Urlaubsideen? Dann teile sie mit uns \u2013 wir freuen uns auf deine Kommentare!&nbsp;<\/p>\n\n\n\n<p class=\"has-text-align-left\">Die auf diesem Blog enthaltenen Informationen wurden nach bestem Wissen zusammengestellt. Sie dienen ausschlie\u00dflich der Orientierung, beschreiben keine Reiseleistungen im rechtlichen Sinne und beinhalten keine Verpflichtungen oder gar Garantie. Inhaltliche Fehler sind trotz unseres st\u00e4ndigen Bem\u00fchens um Aktualit\u00e4t nicht mit letzter Gewissheit auszuschlie\u00dfen.&nbsp;&nbsp;<\/p>\n\n\n<div class=\"gb-container gb-container-efcef1d3 about-us-contact\"><div class=\"gb-inside-container\">\n\n<h2 class=\"wp-block-heading has-text-align-center\">Kontakt zu uns<\/h2>\n\n\n\n<p class=\"has-text-align-center\">E-Mail: <a href=\"mailto:socialmedia@tui.at\"><strong><a href=\"mailto:socialmedia@tui.at\" target=\"_blank\" rel=\"noreferrer noopener\">socialmedia@tui.at<\/a>\u00a0<\/strong><\/a><\/p>\n\n<\/div><\/div>\n\n<div class=\"gb-container gb-container-252b33ae\"><div class=\"gb-inside-container\">\n\n<h2 class=\"wp-block-heading has-text-align-center\">Die TUI Blogger und ihre Themen<\/h2>\n\n\n<div class=\"author-list\"><a href=\"https:\/\/www.tui.at\/blog\/author\/alina\/\" class=\"author\"><div class=\"inner\"><div class=\"left\"><img loading=\"lazy\" decoding=\"async\" width=\"495\" height=\"585\" src=\"https:\/\/www.tui.at\/blog\/wp-content\/uploads\/2025\/10\/Profilbild_Alina.jpg\" class=\"attachment-mt_profile_img size-mt_profile_img\" alt=\"Alina Johnston\" srcset=\"https:\/\/www.tui.at\/blog\/wp-content\/uploads\/2025\/10\/Profilbild_Alina.jpg 495w, https:\/\/www.tui.at\/blog\/wp-content\/uploads\/2025\/10\/Profilbild_Alina-376x444.jpg 376w, https:\/\/www.tui.at\/blog\/wp-content\/uploads\/2025\/10\/Profilbild_Alina-476x563.jpg 476w, https:\/\/www.tui.at\/blog\/wp-content\/uploads\/2025\/10\/Profilbild_Alina-186x220.jpg 186w\" sizes=\"auto, (max-width: 495px) 100vw, 495px\" \/><\/div><div class=\"right\"><div class=\"vertical-align\"><div class=\"middle\"><strong>Alina Johnston<\/strong><span class=\"desc\"><\/span><\/div><\/div><\/div><\/div><\/a><\/div>\n\n<\/div><\/div>\n\n<div class=\"gb-container gb-container-dd03966a\"><div class=\"gb-inside-container\">\n\n<h2 class=\"wp-block-heading has-text-align-center\">Ehemalige TUI Blogger und ihre Themen<\/h2>\n\n\nKeine Blogger gefunden!\n\n<\/div><\/div>\n<\/div><\/div>","protected":false},"excerpt":{"rendered":"<p>Der TUI.at Reiseblog Urlaub ist die sch\u00f6nste Zeit des Jahres \u2013 und hier beginnt die Vorfreude! Ob du von Sonne, Strand und Meer tr\u00e4umst, einen St\u00e4dtetrip planst oder auf der Suche nach au\u00dfergew\u00f6hnlichen Reiseideen bist: Unser Reiseblog ist deine Inspirationsquelle.&nbsp; Unsere Autor:innen, Blogger:innen und Reiseexpert:innen teilen pers\u00f6nliche Erfahrungen, spannende Trends<\/p>\n","protected":false},"author":160,"featured_media":491309,"parent":0,"menu_order":0,"comment_status":"closed","ping_status":"closed","template":"","meta":{"_acf_changed":false,"footnotes":""},"class_list":["post-2","page","type-page","status-publish","has-post-thumbnail"],"acf":[],"yoast_head":"<!-- This site is optimized with the Yoast SEO plugin v27.4 - https:\/\/yoast.com\/product\/yoast-seo-wordpress\/ -->\n<title>TUI.at Reiseblog: Inspiration, Trends und Reisetipps entdecken - TUI.at Reiseblog<\/title>\n<meta name=\"description\" content=\"Lerne den TUI Reiseblog kennen: Reiseexpert:innen teilen Insider-Tipps, Trends &amp; Ideen f\u00fcr deinen n\u00e4chsten Urlaub \u2013 lass dich inspirieren &amp; entdecke die Welt!\" \/>\n<meta name=\"robots\" content=\"index, follow, max-snippet:-1, max-image-preview:large, max-video-preview:-1\" \/>\n<link rel=\"canonical\" href=\"https:\/\/www.tui.at\/blog\/ueber-den-blog\/\" \/>\n<meta property=\"og:locale\" content=\"de_DE\" \/>\n<meta property=\"og:type\" content=\"article\" \/>\n<meta property=\"og:title\" content=\"TUI.at Reiseblog: Inspiration, Trends und Reisetipps entdecken - TUI.at Reiseblog\" \/>\n<meta property=\"og:description\" content=\"Lerne den TUI Reiseblog kennen: Reiseexpert:innen teilen Insider-Tipps, Trends &amp; Ideen f\u00fcr deinen n\u00e4chsten Urlaub \u2013 lass dich inspirieren &amp; entdecke die Welt!\" \/>\n<meta property=\"og:url\" content=\"https:\/\/www.tui.at\/blog\/ueber-den-blog\/\" \/>\n<meta property=\"og:site_name\" content=\"TUI.at Reiseblog\" \/>\n<meta property=\"article:modified_time\" content=\"2025-10-29T14:24:26+00:00\" \/>\n<meta property=\"og:image\" content=\"https:\/\/www.tui.at\/blog\/wp-content\/uploads\/2025\/10\/Ueber-uns.jpeg\" \/>\n\t<meta property=\"og:image:width\" content=\"1639\" \/>\n\t<meta property=\"og:image:height\" content=\"1092\" \/>\n\t<meta property=\"og:image:type\" content=\"image\/jpeg\" \/>\n<meta name=\"twitter:card\" content=\"summary_large_image\" \/>\n<meta name=\"twitter:label1\" content=\"Gesch\u00e4tzte Lesezeit\" \/>\n\t<meta name=\"twitter:data1\" content=\"2\u00a0Minuten\" \/>\n<script type=\"application\/ld+json\" class=\"yoast-schema-graph\">{\"@context\":\"https:\\\/\\\/schema.org\",\"@graph\":[{\"@type\":\"WebPage\",\"@id\":\"https:\\\/\\\/www.tui.at\\\/blog\\\/ueber-den-blog\\\/\",\"url\":\"https:\\\/\\\/www.tui.at\\\/blog\\\/ueber-den-blog\\\/\",\"name\":\"TUI.at Reiseblog: Inspiration, Trends und Reisetipps entdecken - TUI.at Reiseblog\",\"isPartOf\":{\"@id\":\"https:\\\/\\\/www.tui.at\\\/blog\\\/#website\"},\"primaryImageOfPage\":{\"@id\":\"https:\\\/\\\/www.tui.at\\\/blog\\\/ueber-den-blog\\\/#primaryimage\"},\"image\":{\"@id\":\"https:\\\/\\\/www.tui.at\\\/blog\\\/ueber-den-blog\\\/#primaryimage\"},\"thumbnailUrl\":\"https:\\\/\\\/www.tui.at\\\/blog\\\/wp-content\\\/uploads\\\/2025\\\/10\\\/Ueber-uns.jpeg\",\"datePublished\":\"2012-07-09T06:17:58+00:00\",\"dateModified\":\"2025-10-29T14:24:26+00:00\",\"description\":\"Lerne den TUI Reiseblog kennen: Reiseexpert:innen teilen Insider-Tipps, Trends & Ideen f\u00fcr deinen n\u00e4chsten Urlaub \u2013 lass dich inspirieren & entdecke die Welt!\",\"breadcrumb\":{\"@id\":\"https:\\\/\\\/www.tui.at\\\/blog\\\/ueber-den-blog\\\/#breadcrumb\"},\"inLanguage\":\"de\",\"potentialAction\":[{\"@type\":\"ReadAction\",\"target\":[\"https:\\\/\\\/www.tui.at\\\/blog\\\/ueber-den-blog\\\/\"]}]},{\"@type\":\"ImageObject\",\"inLanguage\":\"de\",\"@id\":\"https:\\\/\\\/www.tui.at\\\/blog\\\/ueber-den-blog\\\/#primaryimage\",\"url\":\"https:\\\/\\\/www.tui.at\\\/blog\\\/wp-content\\\/uploads\\\/2025\\\/10\\\/Ueber-uns.jpeg\",\"contentUrl\":\"https:\\\/\\\/www.tui.at\\\/blog\\\/wp-content\\\/uploads\\\/2025\\\/10\\\/Ueber-uns.jpeg\",\"width\":1639,\"height\":1092,\"caption\":\"Aerial view of umbrellas, palms on the sandy beach of Indian Ocean at sunset. Summer holiday in Zanzibar, Africa. Tropical landscape with palm trees, parasols, white sand, blue water, waves. Top view\"},{\"@type\":\"BreadcrumbList\",\"@id\":\"https:\\\/\\\/www.tui.at\\\/blog\\\/ueber-den-blog\\\/#breadcrumb\",\"itemListElement\":[{\"@type\":\"ListItem\",\"position\":1,\"name\":\"Startseite\",\"item\":\"https:\\\/\\\/www.tui.at\\\/blog\\\/\"},{\"@type\":\"ListItem\",\"position\":2,\"name\":\"\u00dcber den Blog\"}]},{\"@type\":\"WebSite\",\"@id\":\"https:\\\/\\\/www.tui.at\\\/blog\\\/#website\",\"url\":\"https:\\\/\\\/www.tui.at\\\/blog\\\/\",\"name\":\"TUI.at Reiseblog\",\"description\":\"Inspirationen f\u00fcr den perfekten Urlaub\",\"publisher\":{\"@id\":\"https:\\\/\\\/www.tui.at\\\/blog\\\/#organization\"},\"potentialAction\":[{\"@type\":\"SearchAction\",\"target\":{\"@type\":\"EntryPoint\",\"urlTemplate\":\"https:\\\/\\\/www.tui.at\\\/blog\\\/?s={search_term_string}\"},\"query-input\":{\"@type\":\"PropertyValueSpecification\",\"valueRequired\":true,\"valueName\":\"search_term_string\"}}],\"inLanguage\":\"de\"},{\"@type\":\"Organization\",\"@id\":\"https:\\\/\\\/www.tui.at\\\/blog\\\/#organization\",\"name\":\"TUI.at Reiseblog\",\"url\":\"https:\\\/\\\/www.tui.at\\\/blog\\\/\",\"logo\":{\"@type\":\"ImageObject\",\"inLanguage\":\"de\",\"@id\":\"https:\\\/\\\/www.tui.at\\\/blog\\\/#\\\/schema\\\/logo\\\/image\\\/\",\"url\":\"https:\\\/\\\/www.tui.at\\\/blog\\\/wp-content\\\/uploads\\\/2025\\\/09\\\/cropped-tui-logo-3.webp\",\"contentUrl\":\"https:\\\/\\\/www.tui.at\\\/blog\\\/wp-content\\\/uploads\\\/2025\\\/09\\\/cropped-tui-logo-3.webp\",\"width\":164,\"height\":72,\"caption\":\"TUI.at Reiseblog\"},\"image\":{\"@id\":\"https:\\\/\\\/www.tui.at\\\/blog\\\/#\\\/schema\\\/logo\\\/image\\\/\"}}]}<\/script>\n<!-- \/ Yoast SEO plugin. -->","yoast_head_json":{"title":"TUI.at Reiseblog: Inspiration, Trends und Reisetipps entdecken - TUI.at Reiseblog","description":"Lerne den TUI Reiseblog kennen: Reiseexpert:innen teilen Insider-Tipps, Trends & Ideen f\u00fcr deinen n\u00e4chsten Urlaub \u2013 lass dich inspirieren & entdecke die Welt!","robots":{"index":"index","follow":"follow","max-snippet":"max-snippet:-1","max-image-preview":"max-image-preview:large","max-video-preview":"max-video-preview:-1"},"canonical":"https:\/\/www.tui.at\/blog\/ueber-den-blog\/","og_locale":"de_DE","og_type":"article","og_title":"TUI.at Reiseblog: Inspiration, Trends und Reisetipps entdecken - TUI.at Reiseblog","og_description":"Lerne den TUI Reiseblog kennen: Reiseexpert:innen teilen Insider-Tipps, Trends & Ideen f\u00fcr deinen n\u00e4chsten Urlaub \u2013 lass dich inspirieren & entdecke die Welt!","og_url":"https:\/\/www.tui.at\/blog\/ueber-den-blog\/","og_site_name":"TUI.at Reiseblog","article_modified_time":"2025-10-29T14:24:26+00:00","og_image":[{"width":1639,"height":1092,"url":"https:\/\/www.tui.at\/blog\/wp-content\/uploads\/2025\/10\/Ueber-uns.jpeg","type":"image\/jpeg"}],"twitter_card":"summary_large_image","twitter_misc":{"Gesch\u00e4tzte Lesezeit":"2\u00a0Minuten"},"schema":{"@context":"https:\/\/schema.org","@graph":[{"@type":"WebPage","@id":"https:\/\/www.tui.at\/blog\/ueber-den-blog\/","url":"https:\/\/www.tui.at\/blog\/ueber-den-blog\/","name":"TUI.at Reiseblog: Inspiration, Trends und Reisetipps entdecken - TUI.at Reiseblog","isPartOf":{"@id":"https:\/\/www.tui.at\/blog\/#website"},"primaryImageOfPage":{"@id":"https:\/\/www.tui.at\/blog\/ueber-den-blog\/#primaryimage"},"image":{"@id":"https:\/\/www.tui.at\/blog\/ueber-den-blog\/#primaryimage"},"thumbnailUrl":"https:\/\/www.tui.at\/blog\/wp-content\/uploads\/2025\/10\/Ueber-uns.jpeg","datePublished":"2012-07-09T06:17:58+00:00","dateModified":"2025-10-29T14:24:26+00:00","description":"Lerne den TUI Reiseblog kennen: Reiseexpert:innen teilen Insider-Tipps, Trends & Ideen f\u00fcr deinen n\u00e4chsten Urlaub \u2013 lass dich inspirieren & entdecke die Welt!","breadcrumb":{"@id":"https:\/\/www.tui.at\/blog\/ueber-den-blog\/#breadcrumb"},"inLanguage":"de","potentialAction":[{"@type":"ReadAction","target":["https:\/\/www.tui.at\/blog\/ueber-den-blog\/"]}]},{"@type":"ImageObject","inLanguage":"de","@id":"https:\/\/www.tui.at\/blog\/ueber-den-blog\/#primaryimage","url":"https:\/\/www.tui.at\/blog\/wp-content\/uploads\/2025\/10\/Ueber-uns.jpeg","contentUrl":"https:\/\/www.tui.at\/blog\/wp-content\/uploads\/2025\/10\/Ueber-uns.jpeg","width":1639,"height":1092,"caption":"Aerial view of umbrellas, palms on the sandy beach of Indian Ocean at sunset. Summer holiday in Zanzibar, Africa. Tropical landscape with palm trees, parasols, white sand, blue water, waves. Top view"},{"@type":"BreadcrumbList","@id":"https:\/\/www.tui.at\/blog\/ueber-den-blog\/#breadcrumb","itemListElement":[{"@type":"ListItem","position":1,"name":"Startseite","item":"https:\/\/www.tui.at\/blog\/"},{"@type":"ListItem","position":2,"name":"\u00dcber den Blog"}]},{"@type":"WebSite","@id":"https:\/\/www.tui.at\/blog\/#website","url":"https:\/\/www.tui.at\/blog\/","name":"TUI.at Reiseblog","description":"Inspirationen f\u00fcr den perfekten Urlaub","publisher":{"@id":"https:\/\/www.tui.at\/blog\/#organization"},"potentialAction":[{"@type":"SearchAction","target":{"@type":"EntryPoint","urlTemplate":"https:\/\/www.tui.at\/blog\/?s={search_term_string}"},"query-input":{"@type":"PropertyValueSpecification","valueRequired":true,"valueName":"search_term_string"}}],"inLanguage":"de"},{"@type":"Organization","@id":"https:\/\/www.tui.at\/blog\/#organization","name":"TUI.at Reiseblog","url":"https:\/\/www.tui.at\/blog\/","logo":{"@type":"ImageObject","inLanguage":"de","@id":"https:\/\/www.tui.at\/blog\/#\/schema\/logo\/image\/","url":"https:\/\/www.tui.at\/blog\/wp-content\/uploads\/2025\/09\/cropped-tui-logo-3.webp","contentUrl":"https:\/\/www.tui.at\/blog\/wp-content\/uploads\/2025\/09\/cropped-tui-logo-3.webp","width":164,"height":72,"caption":"TUI.at Reiseblog"},"image":{"@id":"https:\/\/www.tui.at\/blog\/#\/schema\/logo\/image\/"}}]}},"_links":{"self":[{"href":"https:\/\/www.tui.at\/blog\/wp-json\/wp\/v2\/pages\/2","targetHints":{"allow":["GET"]}}],"collection":[{"href":"https:\/\/www.tui.at\/blog\/wp-json\/wp\/v2\/pages"}],"about":[{"href":"https:\/\/www.tui.at\/blog\/wp-json\/wp\/v2\/types\/page"}],"author":[{"embeddable":true,"href":"https:\/\/www.tui.at\/blog\/wp-json\/wp\/v2\/users\/160"}],"replies":[{"embeddable":true,"href":"https:\/\/www.tui.at\/blog\/wp-json\/wp\/v2\/comments?post=2"}],"version-history":[{"count":3,"href":"https:\/\/www.tui.at\/blog\/wp-json\/wp\/v2\/pages\/2\/revisions"}],"predecessor-version":[{"id":491317,"href":"https:\/\/www.tui.at\/blog\/wp-json\/wp\/v2\/pages\/2\/revisions\/491317"}],"wp:featuredmedia":[{"embeddable":true,"href":"https:\/\/www.tui.at\/blog\/wp-json\/wp\/v2\/media\/491309"}],"wp:attachment":[{"href":"https:\/\/www.tui.at\/blog\/wp-json\/wp\/v2\/media?parent=2"}],"curies":[{"name":"wp","href":"https:\/\/api.w.org\/{rel}","templated":true}]}}